{"id":10,"date":"2023-06-21T16:25:46","date_gmt":"2023-06-21T16:25:46","guid":{"rendered":"http:\/\/twobite.ca\/?page_id=10"},"modified":"2023-10-17T21:40:18","modified_gmt":"2023-10-17T21:40:18","slug":"home-fr","status":"publish","type":"page","link":"https:\/\/twobite.ca\/fr\/","title":{"rendered":"Home Fr"},"content":{"rendered":"<h1 class=\"text-center mt-0 mb-0\">bienvenue sur notre site<\/h1>\r\n<p style=\"text-align: center;\">Chez two-bite, nous sommes pass\u00e9s ma\u00eetres dans l&rsquo;art de cr\u00e9er des douceurs \u00e0 la fois petites et spectaculaires, en prenant soin d\u2019offrir la g\u00e2terie de juste la bonne taille pour chaque occasion. Notre ma\u00eetre boulanger utilise des ingr\u00e9dients de qualit\u00e9 et les incorpore dans chaque douceur two-bite, tout en pr\u00e9servant le go\u00fbt riche et authentique de la version pleine grandeur. Notre passion et notre d\u00e9vouement ind\u00e9fectibles garantissent que seuls les meilleurs produits passent de notre boulangerie \u00e0 votre domicile. Vous \u00eates convi\u00e9s \u00e0 un sublime voyage pour savourer toute la magie de deux bouch\u00e9es de bonheur.<\/p>","protected":false},"excerpt":{"rendered":"bienvenue sur notre site Chez two-bite, nous sommes pass\u00e9s ma\u00eetres dans l&rsquo;art de cr\u00e9er des douceurs \u00e0 la fois petites et spectaculaires, en prenant soin d\u2019offrir la g\u00e2terie de juste la bonne taille pour chaque occasion. Notre ma\u00eetre boulanger utilise des ingr\u00e9dients de qualit\u00e9 et les incorpore dans chaque douceur two-bite, tout en pr\u00e9servant le [&hellip;]","protected":false},"author":1,"featured_media":0,"parent":0,"menu_order":0,"comment_status":"closed","ping_status":"open","template":"template-home.php","meta":{"_acf_changed":false,"inline_featured_image":false,"footnotes":""},"class_list":["post-10","page","type-page","status-publish","hentry"],"acf":[],"_links":{"self":[{"href":"https:\/\/twobite.ca\/fr\/wp-json\/wp\/v2\/pages\/10","targetHints":{"allow":["GET"]}}],"collection":[{"href":"https:\/\/twobite.ca\/fr\/wp-json\/wp\/v2\/pages"}],"about":[{"href":"https:\/\/twobite.ca\/fr\/wp-json\/wp\/v2\/types\/page"}],"author":[{"embeddable":true,"href":"https:\/\/twobite.ca\/fr\/wp-json\/wp\/v2\/users\/1"}],"replies":[{"embeddable":true,"href":"https:\/\/twobite.ca\/fr\/wp-json\/wp\/v2\/comments?post=10"}],"version-history":[{"count":8,"href":"https:\/\/twobite.ca\/fr\/wp-json\/wp\/v2\/pages\/10\/revisions"}],"predecessor-version":[{"id":5404,"href":"https:\/\/twobite.ca\/fr\/wp-json\/wp\/v2\/pages\/10\/revisions\/5404"}],"wp:attachment":[{"href":"https:\/\/twobite.ca\/fr\/wp-json\/wp\/v2\/media?parent=10"}],"curies":[{"name":"wp","href":"https:\/\/api.w.org\/{rel}","templated":true}]}}