{"id":1001,"date":"2023-06-27T18:16:08","date_gmt":"2023-06-27T18:16:08","guid":{"rendered":"http:\/\/twobite.ca\/?post_type=product&#038;p=1001"},"modified":"2023-11-28T14:58:26","modified_gmt":"2023-11-28T14:58:26","slug":"two-bite-petits-gateaux-au-chocolat-dhalloween","status":"publish","type":"product","link":"https:\/\/twobite.ca\/fr\/product\/two-bite-petits-gateaux-au-chocolat-dhalloween\/","title":{"rendered":"petits g\u00e2teaux au chocolat d&rsquo;Halloween"},"content":{"rendered":"<p>Un petit g\u00e2teau au chocolat recouvert d&rsquo;un gla\u00e7age bicolore orange et mauve et de paillettes en fant\u00f4mes !<\/p>\r\n<p><span style=\"font-size: 18pt;\"><strong><span style=\"color: #99323d;\">Sans sirop de glucose \u00e0 haute teneur en fructose<\/span><\/strong><\/span><\/p>","protected":false},"author":1,"menu_order":13,"template":"","product-category":[46],"class_list":["post-1001","product","type-product","status-publish","hentry","product-category-petits-gateaux"],"acf":[],"_links":{"self":[{"href":"https:\/\/twobite.ca\/fr\/wp-json\/wp\/v2\/product\/1001","targetHints":{"allow":["GET"]}}],"collection":[{"href":"https:\/\/twobite.ca\/fr\/wp-json\/wp\/v2\/product"}],"about":[{"href":"https:\/\/twobite.ca\/fr\/wp-json\/wp\/v2\/types\/product"}],"author":[{"embeddable":true,"href":"https:\/\/twobite.ca\/fr\/wp-json\/wp\/v2\/users\/1"}],"version-history":[{"count":3,"href":"https:\/\/twobite.ca\/fr\/wp-json\/wp\/v2\/product\/1001\/revisions"}],"predecessor-version":[{"id":3040,"href":"https:\/\/twobite.ca\/fr\/wp-json\/wp\/v2\/product\/1001\/revisions\/3040"}],"wp:attachment":[{"href":"https:\/\/twobite.ca\/fr\/wp-json\/wp\/v2\/media?parent=1001"}],"wp:term":[{"taxonomy":"product-category","embeddable":true,"href":"https:\/\/twobite.ca\/fr\/wp-json\/wp\/v2\/product-category?post=1001"}],"curies":[{"name":"wp","href":"https:\/\/api.w.org\/{rel}","templated":true}]}}