{"id":1002,"date":"2023-06-27T18:19:11","date_gmt":"2023-06-27T18:19:11","guid":{"rendered":"http:\/\/twobite.ca\/?post_type=product&#038;p=1002"},"modified":"2023-10-04T16:51:28","modified_gmt":"2023-10-04T16:51:28","slug":"two-bite-petits-gateaux-a-la-vanille-et-au-chocolat-dhalloween","status":"publish","type":"product","link":"https:\/\/twobite.ca\/fr\/product\/two-bite-petits-gateaux-a-la-vanille-et-au-chocolat-dhalloween\/","title":{"rendered":"petits g\u00e2teaux \u00e0 la vanille et au chocolat d&rsquo;Halloween"},"content":{"rendered":"<p>Un format festif de 24 petits g\u00e2teaux assortis \u00e0 la vanille et au chocolat, d\u00e9cor\u00e9s pour Halloween !<\/p>","protected":false},"author":1,"menu_order":14,"template":"","product-category":[],"class_list":["post-1002","product","type-product","status-publish","hentry"],"acf":[],"_links":{"self":[{"href":"https:\/\/twobite.ca\/fr\/wp-json\/wp\/v2\/product\/1002","targetHints":{"allow":["GET"]}}],"collection":[{"href":"https:\/\/twobite.ca\/fr\/wp-json\/wp\/v2\/product"}],"about":[{"href":"https:\/\/twobite.ca\/fr\/wp-json\/wp\/v2\/types\/product"}],"author":[{"embeddable":true,"href":"https:\/\/twobite.ca\/fr\/wp-json\/wp\/v2\/users\/1"}],"version-history":[{"count":3,"href":"https:\/\/twobite.ca\/fr\/wp-json\/wp\/v2\/product\/1002\/revisions"}],"predecessor-version":[{"id":3039,"href":"https:\/\/twobite.ca\/fr\/wp-json\/wp\/v2\/product\/1002\/revisions\/3039"}],"wp:attachment":[{"href":"https:\/\/twobite.ca\/fr\/wp-json\/wp\/v2\/media?parent=1002"}],"wp:term":[{"taxonomy":"product-category","embeddable":true,"href":"https:\/\/twobite.ca\/fr\/wp-json\/wp\/v2\/product-category?post=1002"}],"curies":[{"name":"wp","href":"https:\/\/api.w.org\/{rel}","templated":true}]}}