{"id":1003,"date":"2023-06-27T18:21:16","date_gmt":"2023-06-27T18:21:16","guid":{"rendered":"http:\/\/twobite.ca\/?post_type=product&#038;p=1003"},"modified":"2023-11-28T14:57:29","modified_gmt":"2023-11-28T14:57:29","slug":"two-bite-petits-gateaux-a-la-vanille-de-noel","status":"publish","type":"product","link":"https:\/\/twobite.ca\/fr\/product\/two-bite-petits-gateaux-a-la-vanille-de-noel\/","title":{"rendered":"petits g\u00e2teaux \u00e0 la vanille de No\u00ebl"},"content":{"rendered":"<p>Un g\u00e2teau \u00e0 la vanille recouvert d&rsquo;un gla\u00e7age blanc \u00e0 la vanille et habill\u00e9 pour les f\u00eates.<\/p>\r\n<p><span style=\"font-size: 18pt;\"><strong><span style=\"color: #99323d;\">Sans sirop de glucose \u00e0 haute teneur en fructose<\/span><\/strong><\/span><\/p>","protected":false},"author":1,"menu_order":15,"template":"","product-category":[],"class_list":["post-1003","product","type-product","status-publish","hentry"],"acf":[],"_links":{"self":[{"href":"https:\/\/twobite.ca\/fr\/wp-json\/wp\/v2\/product\/1003","targetHints":{"allow":["GET"]}}],"collection":[{"href":"https:\/\/twobite.ca\/fr\/wp-json\/wp\/v2\/product"}],"about":[{"href":"https:\/\/twobite.ca\/fr\/wp-json\/wp\/v2\/types\/product"}],"author":[{"embeddable":true,"href":"https:\/\/twobite.ca\/fr\/wp-json\/wp\/v2\/users\/1"}],"version-history":[{"count":3,"href":"https:\/\/twobite.ca\/fr\/wp-json\/wp\/v2\/product\/1003\/revisions"}],"predecessor-version":[{"id":3038,"href":"https:\/\/twobite.ca\/fr\/wp-json\/wp\/v2\/product\/1003\/revisions\/3038"}],"wp:attachment":[{"href":"https:\/\/twobite.ca\/fr\/wp-json\/wp\/v2\/media?parent=1003"}],"wp:term":[{"taxonomy":"product-category","embeddable":true,"href":"https:\/\/twobite.ca\/fr\/wp-json\/wp\/v2\/product-category?post=1003"}],"curies":[{"name":"wp","href":"https:\/\/api.w.org\/{rel}","templated":true}]}}