{"id":253,"date":"2023-06-26T18:31:00","date_gmt":"2023-06-26T18:31:00","guid":{"rendered":"http:\/\/twobite.ca\/?post_type=product&#038;p=253"},"modified":"2023-11-24T17:56:19","modified_gmt":"2023-11-24T17:56:19","slug":"two-bite-petits-gateaux-oreo","status":"publish","type":"product","link":"https:\/\/twobite.ca\/fr\/product\/two-bite-petits-gateaux-oreo\/","title":{"rendered":"petits g\u00e2teaux OREO de tous les jours"},"content":{"rendered":"<p>Le biscuit OREO original, maintenant en mini g\u00e2teau ! Un d\u00e9licieux g\u00e2teau au chocolat OREO, recouvert d&rsquo;un gla\u00e7age \u00e0 la cr\u00e8me \u00e0 la vanille OREO et saupoudr\u00e9 de v\u00e9ritables miettes OREO.<\/p>","protected":false},"author":1,"menu_order":3,"template":"","product-category":[46],"class_list":["post-253","product","type-product","status-publish","hentry","product-category-petits-gateaux"],"acf":[],"_links":{"self":[{"href":"https:\/\/twobite.ca\/fr\/wp-json\/wp\/v2\/product\/253","targetHints":{"allow":["GET"]}}],"collection":[{"href":"https:\/\/twobite.ca\/fr\/wp-json\/wp\/v2\/product"}],"about":[{"href":"https:\/\/twobite.ca\/fr\/wp-json\/wp\/v2\/types\/product"}],"author":[{"embeddable":true,"href":"https:\/\/twobite.ca\/fr\/wp-json\/wp\/v2\/users\/1"}],"version-history":[{"count":4,"href":"https:\/\/twobite.ca\/fr\/wp-json\/wp\/v2\/product\/253\/revisions"}],"predecessor-version":[{"id":3052,"href":"https:\/\/twobite.ca\/fr\/wp-json\/wp\/v2\/product\/253\/revisions\/3052"}],"wp:attachment":[{"href":"https:\/\/twobite.ca\/fr\/wp-json\/wp\/v2\/media?parent=253"}],"wp:term":[{"taxonomy":"product-category","embeddable":true,"href":"https:\/\/twobite.ca\/fr\/wp-json\/wp\/v2\/product-category?post=253"}],"curies":[{"name":"wp","href":"https:\/\/api.w.org\/{rel}","templated":true}]}}