{"id":259,"date":"2023-06-26T20:10:42","date_gmt":"2023-06-26T20:10:42","guid":{"rendered":"http:\/\/twobite.ca\/?post_type=product&#038;p=259"},"modified":"2023-11-28T14:50:55","modified_gmt":"2023-11-28T14:50:55","slug":"two-bite-petits-gateaux-au-chocolat-de-tous-les-jours","status":"publish","type":"product","link":"https:\/\/twobite.ca\/fr\/product\/two-bite-petits-gateaux-au-chocolat-de-tous-les-jours\/","title":{"rendered":"petits g\u00e2teaux au chocolat de tous les jours"},"content":{"rendered":"<p>Un g\u00e2teau au chocolat moelleux recouvert d&rsquo;un d\u00e9licieux gla\u00e7age au chocolat et d\u00e9cor\u00e9 de paillettes color\u00e9es.<\/p>\r\n<p><span style=\"font-size: 18pt;\"><strong><span style=\"color: #99323d;\">Sans sirop de glucose \u00e0 haute teneur en fructose<\/span><\/strong><\/span><\/p>","protected":false},"author":1,"menu_order":2,"template":"","product-category":[46],"class_list":["post-259","product","type-product","status-publish","has-post-thumbnail","hentry","product-category-petits-gateaux"],"acf":[],"_links":{"self":[{"href":"https:\/\/twobite.ca\/fr\/wp-json\/wp\/v2\/product\/259","targetHints":{"allow":["GET"]}}],"collection":[{"href":"https:\/\/twobite.ca\/fr\/wp-json\/wp\/v2\/product"}],"about":[{"href":"https:\/\/twobite.ca\/fr\/wp-json\/wp\/v2\/types\/product"}],"author":[{"embeddable":true,"href":"https:\/\/twobite.ca\/fr\/wp-json\/wp\/v2\/users\/1"}],"version-history":[{"count":4,"href":"https:\/\/twobite.ca\/fr\/wp-json\/wp\/v2\/product\/259\/revisions"}],"predecessor-version":[{"id":3051,"href":"https:\/\/twobite.ca\/fr\/wp-json\/wp\/v2\/product\/259\/revisions\/3051"}],"wp:featuredmedia":[{"embeddable":true,"href":"https:\/\/twobite.ca\/fr\/wp-json\/wp\/v2\/media\/71"}],"wp:attachment":[{"href":"https:\/\/twobite.ca\/fr\/wp-json\/wp\/v2\/media?parent=259"}],"wp:term":[{"taxonomy":"product-category","embeddable":true,"href":"https:\/\/twobite.ca\/fr\/wp-json\/wp\/v2\/product-category?post=259"}],"curies":[{"name":"wp","href":"https:\/\/api.w.org\/{rel}","templated":true}]}}