{"id":263,"date":"2023-06-27T14:40:44","date_gmt":"2023-06-27T14:40:44","guid":{"rendered":"http:\/\/twobite.ca\/?post_type=product&#038;p=263"},"modified":"2023-11-28T14:50:16","modified_gmt":"2023-11-28T14:50:16","slug":"two-bite-petits-gateaux-a-la-vanille-de-tous-les-jours","status":"publish","type":"product","link":"https:\/\/twobite.ca\/fr\/product\/two-bite-petits-gateaux-a-la-vanille-de-tous-les-jours\/","title":{"rendered":"petits g\u00e2teaux \u00e0 la vanille de tous les jours"},"content":{"rendered":"<p>Un g\u00e2teau moelleux \u00e0 la vanille recouvert d&rsquo;un gla\u00e7age sucr\u00e9 \u00e0 la vanille et d\u00e9cor\u00e9 de paillettes color\u00e9es. La g\u00e2terie parfaite pour toutes les occasions!<\/p>\r\n<p><span style=\"font-size: 18pt;\"><strong><span style=\"color: #99323d;\">Sans sirop de glucose \u00e0 haute teneur en fructose<\/span><\/strong><\/span><\/p>","protected":false},"author":1,"menu_order":1,"template":"","product-category":[46],"class_list":["post-263","product","type-product","status-publish","hentry","product-category-petits-gateaux"],"acf":[],"_links":{"self":[{"href":"https:\/\/twobite.ca\/fr\/wp-json\/wp\/v2\/product\/263","targetHints":{"allow":["GET"]}}],"collection":[{"href":"https:\/\/twobite.ca\/fr\/wp-json\/wp\/v2\/product"}],"about":[{"href":"https:\/\/twobite.ca\/fr\/wp-json\/wp\/v2\/types\/product"}],"author":[{"embeddable":true,"href":"https:\/\/twobite.ca\/fr\/wp-json\/wp\/v2\/users\/1"}],"version-history":[{"count":3,"href":"https:\/\/twobite.ca\/fr\/wp-json\/wp\/v2\/product\/263\/revisions"}],"predecessor-version":[{"id":3050,"href":"https:\/\/twobite.ca\/fr\/wp-json\/wp\/v2\/product\/263\/revisions\/3050"}],"wp:attachment":[{"href":"https:\/\/twobite.ca\/fr\/wp-json\/wp\/v2\/media?parent=263"}],"wp:term":[{"taxonomy":"product-category","embeddable":true,"href":"https:\/\/twobite.ca\/fr\/wp-json\/wp\/v2\/product-category?post=263"}],"curies":[{"name":"wp","href":"https:\/\/api.w.org\/{rel}","templated":true}]}}