{"id":389,"date":"2023-06-29T18:16:09","date_gmt":"2023-06-29T18:16:09","guid":{"rendered":"http:\/\/twobite.ca\/?post_type=product&#038;p=389"},"modified":"2023-11-10T19:25:58","modified_gmt":"2023-11-10T19:25:58","slug":"two-bite-brownies-plateau-festif-avec-paillettes-de-cannes-de-bonbon","status":"publish","type":"product","link":"https:\/\/twobite.ca\/fr\/product\/two-bite-brownies-plateau-festif-avec-paillettes-de-cannes-de-bonbon\/","title":{"rendered":"plateau festif  avec paillettes de cannes de bonbon"},"content":{"rendered":"<p>Notre classique two-bite brownie\u00ae est recouvert d&rsquo;un gla\u00e7age alternant blanc et vert et d\u00e9cor\u00e9 de cannes de bonbon aromatis\u00e9es \u00e0 la menthe.<\/p>","protected":false},"author":1,"menu_order":13,"template":"","product-category":[51],"class_list":["post-389","product","type-product","status-publish","hentry","product-category-plateaux-festifs"],"acf":[],"_links":{"self":[{"href":"https:\/\/twobite.ca\/fr\/wp-json\/wp\/v2\/product\/389","targetHints":{"allow":["GET"]}}],"collection":[{"href":"https:\/\/twobite.ca\/fr\/wp-json\/wp\/v2\/product"}],"about":[{"href":"https:\/\/twobite.ca\/fr\/wp-json\/wp\/v2\/types\/product"}],"author":[{"embeddable":true,"href":"https:\/\/twobite.ca\/fr\/wp-json\/wp\/v2\/users\/1"}],"version-history":[{"count":5,"href":"https:\/\/twobite.ca\/fr\/wp-json\/wp\/v2\/product\/389\/revisions"}],"predecessor-version":[{"id":2955,"href":"https:\/\/twobite.ca\/fr\/wp-json\/wp\/v2\/product\/389\/revisions\/2955"}],"wp:attachment":[{"href":"https:\/\/twobite.ca\/fr\/wp-json\/wp\/v2\/media?parent=389"}],"wp:term":[{"taxonomy":"product-category","embeddable":true,"href":"https:\/\/twobite.ca\/fr\/wp-json\/wp\/v2\/product-category?post=389"}],"curies":[{"name":"wp","href":"https:\/\/api.w.org\/{rel}","templated":true}]}}