{"id":4528,"date":"2023-08-03T19:41:58","date_gmt":"2023-08-03T19:41:58","guid":{"rendered":"http:\/\/twobite.ca\/?post_type=product&#038;p=4528"},"modified":"2023-11-14T18:31:39","modified_gmt":"2023-11-14T18:31:39","slug":"melange-pour-collation-a-la-cannelle","status":"publish","type":"product","link":"https:\/\/twobite.ca\/fr\/product\/melange-pour-collation-a-la-cannelle\/","title":{"rendered":"m\u00e9lange pour collation \u00e0 la cannelle"},"content":{"rendered":"<p>Ce m\u00e9lange collation de granola \u00e0 la cannelle sera votre collations pr\u00e9f\u00e9r\u00e9e. Avec des bretzels et des p\u00e9pites de caramel, ce m\u00e9lange est une g\u00e2terie saine parfaite.<\/p>","protected":false},"author":6,"menu_order":3,"template":"","product-category":[62],"class_list":["post-4528","product","type-product","status-publish","hentry","product-category-granolas"],"acf":[],"_links":{"self":[{"href":"https:\/\/twobite.ca\/fr\/wp-json\/wp\/v2\/product\/4528","targetHints":{"allow":["GET"]}}],"collection":[{"href":"https:\/\/twobite.ca\/fr\/wp-json\/wp\/v2\/product"}],"about":[{"href":"https:\/\/twobite.ca\/fr\/wp-json\/wp\/v2\/types\/product"}],"author":[{"embeddable":true,"href":"https:\/\/twobite.ca\/fr\/wp-json\/wp\/v2\/users\/6"}],"version-history":[{"count":0,"href":"https:\/\/twobite.ca\/fr\/wp-json\/wp\/v2\/product\/4528\/revisions"}],"wp:attachment":[{"href":"https:\/\/twobite.ca\/fr\/wp-json\/wp\/v2\/media?parent=4528"}],"wp:term":[{"taxonomy":"product-category","embeddable":true,"href":"https:\/\/twobite.ca\/fr\/wp-json\/wp\/v2\/product-category?post=4528"}],"curies":[{"name":"wp","href":"https:\/\/api.w.org\/{rel}","templated":true}]}}