{"id":4565,"date":"2023-08-03T19:46:12","date_gmt":"2023-08-03T19:46:12","guid":{"rendered":"http:\/\/twobite.ca\/?post_type=product&#038;p=4565"},"modified":"2023-11-14T18:34:28","modified_gmt":"2023-11-14T18:34:28","slug":"4565","status":"publish","type":"product","link":"https:\/\/twobite.ca\/fr\/product\/4565\/","title":{"rendered":"m\u00e9lange pour collation au caramel sal\u00e9"},"content":{"rendered":"<p>Un m\u00e9lange croquant de granola sucr\u00e9e sal\u00e9e au caramel sal\u00e9 avec bretzels et bonbons color\u00e9s.<\/p>","protected":false},"author":6,"menu_order":5,"template":"","product-category":[62],"class_list":["post-4565","product","type-product","status-publish","hentry","product-category-granolas"],"acf":[],"_links":{"self":[{"href":"https:\/\/twobite.ca\/fr\/wp-json\/wp\/v2\/product\/4565","targetHints":{"allow":["GET"]}}],"collection":[{"href":"https:\/\/twobite.ca\/fr\/wp-json\/wp\/v2\/product"}],"about":[{"href":"https:\/\/twobite.ca\/fr\/wp-json\/wp\/v2\/types\/product"}],"author":[{"embeddable":true,"href":"https:\/\/twobite.ca\/fr\/wp-json\/wp\/v2\/users\/6"}],"version-history":[{"count":0,"href":"https:\/\/twobite.ca\/fr\/wp-json\/wp\/v2\/product\/4565\/revisions"}],"wp:attachment":[{"href":"https:\/\/twobite.ca\/fr\/wp-json\/wp\/v2\/media?parent=4565"}],"wp:term":[{"taxonomy":"product-category","embeddable":true,"href":"https:\/\/twobite.ca\/fr\/wp-json\/wp\/v2\/product-category?post=4565"}],"curies":[{"name":"wp","href":"https:\/\/api.w.org\/{rel}","templated":true}]}}