{"id":4586,"date":"2023-08-03T19:44:14","date_gmt":"2023-08-03T19:44:14","guid":{"rendered":"http:\/\/twobite.ca\/?post_type=product&#038;p=4586"},"modified":"2023-11-14T18:32:59","modified_gmt":"2023-11-14T18:32:59","slug":"melange-pour-collation-au-chocolat","status":"publish","type":"product","link":"https:\/\/twobite.ca\/fr\/product\/melange-pour-collation-au-chocolat\/","title":{"rendered":"m\u00e9lange pour collation au chocolat"},"content":{"rendered":"<p>Un m\u00e9lange croquant de granola sucr\u00e9e sal\u00e9e au chocolat avec bretzels et bonbons color\u00e9s.<\/p>","protected":false},"author":6,"menu_order":4,"template":"","product-category":[62],"class_list":["post-4586","product","type-product","status-publish","hentry","product-category-granolas"],"acf":[],"_links":{"self":[{"href":"https:\/\/twobite.ca\/fr\/wp-json\/wp\/v2\/product\/4586","targetHints":{"allow":["GET"]}}],"collection":[{"href":"https:\/\/twobite.ca\/fr\/wp-json\/wp\/v2\/product"}],"about":[{"href":"https:\/\/twobite.ca\/fr\/wp-json\/wp\/v2\/types\/product"}],"author":[{"embeddable":true,"href":"https:\/\/twobite.ca\/fr\/wp-json\/wp\/v2\/users\/6"}],"version-history":[{"count":0,"href":"https:\/\/twobite.ca\/fr\/wp-json\/wp\/v2\/product\/4586\/revisions"}],"wp:attachment":[{"href":"https:\/\/twobite.ca\/fr\/wp-json\/wp\/v2\/media?parent=4586"}],"wp:term":[{"taxonomy":"product-category","embeddable":true,"href":"https:\/\/twobite.ca\/fr\/wp-json\/wp\/v2\/product-category?post=4586"}],"curies":[{"name":"wp","href":"https:\/\/api.w.org\/{rel}","templated":true}]}}