{"id":5259,"date":"2023-11-24T18:11:20","date_gmt":"2023-11-24T18:11:20","guid":{"rendered":"https:\/\/twobite.ca\/?post_type=product&#038;p=5259"},"modified":"2023-11-24T18:30:16","modified_gmt":"2023-11-24T18:30:16","slug":"brownies-oreo","status":"publish","type":"product","link":"https:\/\/twobite.ca\/fr\/product\/brownies-oreo\/","title":{"rendered":"brownies OREO"},"content":{"rendered":"<p>De riches brownies au cacao au go\u00fbt d&rsquo;OREO garnis de vraies miettes OREO et de morceaux cr\u00e9meux aromatis\u00e9s \u00e0 la vanille.<\/p>","protected":false},"author":6,"menu_order":0,"template":"","product-category":[28],"class_list":["post-5259","product","type-product","status-publish","hentry","product-category-brownies"],"acf":[],"_links":{"self":[{"href":"https:\/\/twobite.ca\/fr\/wp-json\/wp\/v2\/product\/5259","targetHints":{"allow":["GET"]}}],"collection":[{"href":"https:\/\/twobite.ca\/fr\/wp-json\/wp\/v2\/product"}],"about":[{"href":"https:\/\/twobite.ca\/fr\/wp-json\/wp\/v2\/types\/product"}],"author":[{"embeddable":true,"href":"https:\/\/twobite.ca\/fr\/wp-json\/wp\/v2\/users\/6"}],"version-history":[{"count":0,"href":"https:\/\/twobite.ca\/fr\/wp-json\/wp\/v2\/product\/5259\/revisions"}],"wp:attachment":[{"href":"https:\/\/twobite.ca\/fr\/wp-json\/wp\/v2\/media?parent=5259"}],"wp:term":[{"taxonomy":"product-category","embeddable":true,"href":"https:\/\/twobite.ca\/fr\/wp-json\/wp\/v2\/product-category?post=5259"}],"curies":[{"name":"wp","href":"https:\/\/api.w.org\/{rel}","templated":true}]}}