{"id":5307,"date":"2023-11-24T18:49:23","date_gmt":"2023-11-24T23:49:23","guid":{"rendered":"https:\/\/twobite.ca\/?post_type=product&#038;p=5307"},"modified":"2023-11-24T18:56:14","modified_gmt":"2023-11-24T18:56:14","slug":"brownies-glaces-oreo-plateau-festif","status":"publish","type":"product","link":"https:\/\/twobite.ca\/fr\/product\/brownies-glaces-oreo-plateau-festif\/","title":{"rendered":"OREO plateau festif"},"content":{"rendered":"<p>De riches brownies au go\u00fbt d&rsquo;OREO garnis d&rsquo;un gla\u00e7age \u00e0 la cr\u00e8me OREO et recouverts de vraies miettes OREO pour la parfaite bouch\u00e9e!<\/p>","protected":false},"author":6,"menu_order":0,"template":"","product-category":[51],"class_list":["post-5307","product","type-product","status-publish","hentry","product-category-plateaux-festifs"],"acf":[],"_links":{"self":[{"href":"https:\/\/twobite.ca\/fr\/wp-json\/wp\/v2\/product\/5307","targetHints":{"allow":["GET"]}}],"collection":[{"href":"https:\/\/twobite.ca\/fr\/wp-json\/wp\/v2\/product"}],"about":[{"href":"https:\/\/twobite.ca\/fr\/wp-json\/wp\/v2\/types\/product"}],"author":[{"embeddable":true,"href":"https:\/\/twobite.ca\/fr\/wp-json\/wp\/v2\/users\/6"}],"version-history":[{"count":0,"href":"https:\/\/twobite.ca\/fr\/wp-json\/wp\/v2\/product\/5307\/revisions"}],"wp:attachment":[{"href":"https:\/\/twobite.ca\/fr\/wp-json\/wp\/v2\/media?parent=5307"}],"wp:term":[{"taxonomy":"product-category","embeddable":true,"href":"https:\/\/twobite.ca\/fr\/wp-json\/wp\/v2\/product-category?post=5307"}],"curies":[{"name":"wp","href":"https:\/\/api.w.org\/{rel}","templated":true}]}}