{"id":796,"date":"2023-06-29T17:31:15","date_gmt":"2023-06-29T17:31:15","guid":{"rendered":"http:\/\/twobite.ca\/?post_type=product&#038;p=796"},"modified":"2023-11-21T20:55:09","modified_gmt":"2023-11-21T20:55:09","slug":"two-bite-mini-biscuits-aux-pepites-de-bonbons","status":"publish","type":"product","link":"https:\/\/twobite.ca\/fr\/product\/two-bite-mini-biscuits-aux-pepites-de-bonbons\/","title":{"rendered":"mini biscuits aux p\u00e9pites de bonbons"},"content":{"rendered":"<p>Un biscuit tendre et moelleux avec des p\u00e9pites de bonbons color\u00e9es.<\/p>","protected":false},"author":1,"menu_order":6,"template":"","product-category":[44],"class_list":["post-796","product","type-product","status-publish","hentry","product-category-biscuits"],"acf":[],"_links":{"self":[{"href":"https:\/\/twobite.ca\/fr\/wp-json\/wp\/v2\/product\/796","targetHints":{"allow":["GET"]}}],"collection":[{"href":"https:\/\/twobite.ca\/fr\/wp-json\/wp\/v2\/product"}],"about":[{"href":"https:\/\/twobite.ca\/fr\/wp-json\/wp\/v2\/types\/product"}],"author":[{"embeddable":true,"href":"https:\/\/twobite.ca\/fr\/wp-json\/wp\/v2\/users\/1"}],"version-history":[{"count":4,"href":"https:\/\/twobite.ca\/fr\/wp-json\/wp\/v2\/product\/796\/revisions"}],"predecessor-version":[{"id":2975,"href":"https:\/\/twobite.ca\/fr\/wp-json\/wp\/v2\/product\/796\/revisions\/2975"}],"wp:attachment":[{"href":"https:\/\/twobite.ca\/fr\/wp-json\/wp\/v2\/media?parent=796"}],"wp:term":[{"taxonomy":"product-category","embeddable":true,"href":"https:\/\/twobite.ca\/fr\/wp-json\/wp\/v2\/product-category?post=796"}],"curies":[{"name":"wp","href":"https:\/\/api.w.org\/{rel}","templated":true}]}}