{"id":798,"date":"2023-06-29T17:27:38","date_gmt":"2023-06-29T17:27:38","guid":{"rendered":"http:\/\/twobite.ca\/?post_type=product&#038;p=798"},"modified":"2023-11-21T20:44:09","modified_gmt":"2023-11-21T20:44:09","slug":"two-bite-mini-biscuits-aux-pepites-de-chocolat-de-tous-les-jours","status":"publish","type":"product","link":"https:\/\/twobite.ca\/fr\/product\/two-bite-mini-biscuits-aux-pepites-de-chocolat-de-tous-les-jours\/","title":{"rendered":"mini biscuits aux p\u00e9pites de chocolat de tous les jours"},"content":{"rendered":"<p>Un biscuit tendre et moelleux avec de v\u00e9ritables p\u00e9pites de chocolat.<\/p>","protected":false},"author":1,"menu_order":5,"template":"","product-category":[44],"class_list":["post-798","product","type-product","status-publish","hentry","product-category-biscuits"],"acf":[],"_links":{"self":[{"href":"https:\/\/twobite.ca\/fr\/wp-json\/wp\/v2\/product\/798","targetHints":{"allow":["GET"]}}],"collection":[{"href":"https:\/\/twobite.ca\/fr\/wp-json\/wp\/v2\/product"}],"about":[{"href":"https:\/\/twobite.ca\/fr\/wp-json\/wp\/v2\/types\/product"}],"author":[{"embeddable":true,"href":"https:\/\/twobite.ca\/fr\/wp-json\/wp\/v2\/users\/1"}],"version-history":[{"count":4,"href":"https:\/\/twobite.ca\/fr\/wp-json\/wp\/v2\/product\/798\/revisions"}],"predecessor-version":[{"id":2977,"href":"https:\/\/twobite.ca\/fr\/wp-json\/wp\/v2\/product\/798\/revisions\/2977"}],"wp:attachment":[{"href":"https:\/\/twobite.ca\/fr\/wp-json\/wp\/v2\/media?parent=798"}],"wp:term":[{"taxonomy":"product-category","embeddable":true,"href":"https:\/\/twobite.ca\/fr\/wp-json\/wp\/v2\/product-category?post=798"}],"curies":[{"name":"wp","href":"https:\/\/api.w.org\/{rel}","templated":true}]}}