{"id":835,"date":"2023-06-27T19:22:08","date_gmt":"2023-06-27T19:22:08","guid":{"rendered":"http:\/\/twobite.ca\/?post_type=product&#038;p=835"},"modified":"2023-10-04T16:48:15","modified_gmt":"2023-10-04T16:48:15","slug":"two-bite-tartelettes-au-citron","status":"publish","type":"product","link":"https:\/\/twobite.ca\/fr\/product\/two-bite-tartelettes-au-citron\/","title":{"rendered":"tartelettes au citron"},"content":{"rendered":"<p>Une p\u00e2te bris\u00e9e feuillet\u00e9e avec une garniture acidul\u00e9e au citron.<\/p>","protected":false},"author":1,"menu_order":1,"template":"","product-category":[],"class_list":["post-835","product","type-product","status-publish","hentry"],"acf":[],"_links":{"self":[{"href":"https:\/\/twobite.ca\/fr\/wp-json\/wp\/v2\/product\/835","targetHints":{"allow":["GET"]}}],"collection":[{"href":"https:\/\/twobite.ca\/fr\/wp-json\/wp\/v2\/product"}],"about":[{"href":"https:\/\/twobite.ca\/fr\/wp-json\/wp\/v2\/types\/product"}],"author":[{"embeddable":true,"href":"https:\/\/twobite.ca\/fr\/wp-json\/wp\/v2\/users\/1"}],"version-history":[{"count":3,"href":"https:\/\/twobite.ca\/fr\/wp-json\/wp\/v2\/product\/835\/revisions"}],"predecessor-version":[{"id":3016,"href":"https:\/\/twobite.ca\/fr\/wp-json\/wp\/v2\/product\/835\/revisions\/3016"}],"wp:attachment":[{"href":"https:\/\/twobite.ca\/fr\/wp-json\/wp\/v2\/media?parent=835"}],"wp:term":[{"taxonomy":"product-category","embeddable":true,"href":"https:\/\/twobite.ca\/fr\/wp-json\/wp\/v2\/product-category?post=835"}],"curies":[{"name":"wp","href":"https:\/\/api.w.org\/{rel}","templated":true}]}}