{"id":839,"date":"2023-06-27T19:29:24","date_gmt":"2023-06-27T19:29:24","guid":{"rendered":"http:\/\/twobite.ca\/?post_type=product&#038;p=839"},"modified":"2023-10-04T16:47:48","modified_gmt":"2023-10-04T16:47:48","slug":"two-bite-tartelettes-a-la-citrouille","status":"publish","type":"product","link":"https:\/\/twobite.ca\/fr\/product\/two-bite-tartelettes-a-la-citrouille\/","title":{"rendered":"tartelettes \u00e0 la citrouille"},"content":{"rendered":"<p>Cet incontournable de l&rsquo;automne r\u00e9unit une tendre cro\u00fbte dor\u00e9e et une garniture traditionnelle \u00e0 la citrouille et aux \u00e9pices.<\/p>","protected":false},"author":1,"menu_order":5,"template":"","product-category":[],"class_list":["post-839","product","type-product","status-publish","hentry"],"acf":[],"_links":{"self":[{"href":"https:\/\/twobite.ca\/fr\/wp-json\/wp\/v2\/product\/839","targetHints":{"allow":["GET"]}}],"collection":[{"href":"https:\/\/twobite.ca\/fr\/wp-json\/wp\/v2\/product"}],"about":[{"href":"https:\/\/twobite.ca\/fr\/wp-json\/wp\/v2\/types\/product"}],"author":[{"embeddable":true,"href":"https:\/\/twobite.ca\/fr\/wp-json\/wp\/v2\/users\/1"}],"version-history":[{"count":4,"href":"https:\/\/twobite.ca\/fr\/wp-json\/wp\/v2\/product\/839\/revisions"}],"predecessor-version":[{"id":3012,"href":"https:\/\/twobite.ca\/fr\/wp-json\/wp\/v2\/product\/839\/revisions\/3012"}],"wp:attachment":[{"href":"https:\/\/twobite.ca\/fr\/wp-json\/wp\/v2\/media?parent=839"}],"wp:term":[{"taxonomy":"product-category","embeddable":true,"href":"https:\/\/twobite.ca\/fr\/wp-json\/wp\/v2\/product-category?post=839"}],"curies":[{"name":"wp","href":"https:\/\/api.w.org\/{rel}","templated":true}]}}