{"id":840,"date":"2023-06-27T19:29:21","date_gmt":"2023-06-27T19:29:21","guid":{"rendered":"http:\/\/twobite.ca\/?post_type=product&#038;p=840"},"modified":"2023-10-04T16:47:54","modified_gmt":"2023-10-04T16:47:54","slug":"two-bite-tartelettes-aux-fruits-haches-fin","status":"publish","type":"product","link":"https:\/\/twobite.ca\/fr\/product\/two-bite-tartelettes-aux-fruits-haches-fin\/","title":{"rendered":"tartelettes aux fruits hach\u00e9s fin"},"content":{"rendered":"<p>Une tartelette de p\u00e2te bris\u00e9e feuillet\u00e9e avec un m\u00e9lange de fruits secs (pommes, raisins secs et groseilles).<\/p>","protected":false},"author":1,"menu_order":6,"template":"","product-category":[],"class_list":["post-840","product","type-product","status-publish","hentry"],"acf":[],"_links":{"self":[{"href":"https:\/\/twobite.ca\/fr\/wp-json\/wp\/v2\/product\/840","targetHints":{"allow":["GET"]}}],"collection":[{"href":"https:\/\/twobite.ca\/fr\/wp-json\/wp\/v2\/product"}],"about":[{"href":"https:\/\/twobite.ca\/fr\/wp-json\/wp\/v2\/types\/product"}],"author":[{"embeddable":true,"href":"https:\/\/twobite.ca\/fr\/wp-json\/wp\/v2\/users\/1"}],"version-history":[{"count":3,"href":"https:\/\/twobite.ca\/fr\/wp-json\/wp\/v2\/product\/840\/revisions"}],"predecessor-version":[{"id":3013,"href":"https:\/\/twobite.ca\/fr\/wp-json\/wp\/v2\/product\/840\/revisions\/3013"}],"wp:attachment":[{"href":"https:\/\/twobite.ca\/fr\/wp-json\/wp\/v2\/media?parent=840"}],"wp:term":[{"taxonomy":"product-category","embeddable":true,"href":"https:\/\/twobite.ca\/fr\/wp-json\/wp\/v2\/product-category?post=840"}],"curies":[{"name":"wp","href":"https:\/\/api.w.org\/{rel}","templated":true}]}}