{"id":841,"date":"2023-06-27T19:33:29","date_gmt":"2023-06-27T19:33:29","guid":{"rendered":"http:\/\/twobite.ca\/?post_type=product&#038;p=841"},"modified":"2023-10-04T16:47:28","modified_gmt":"2023-10-04T16:47:28","slug":"two-bite-tartelettes-aux-framboises","status":"publish","type":"product","link":"https:\/\/twobite.ca\/fr\/product\/two-bite-tartelettes-aux-framboises\/","title":{"rendered":"tartelettes aux framboises"},"content":{"rendered":"<p>Une p\u00e2te bris\u00e9e feuillet\u00e9e avec une garniture fruit\u00e9e aux framboises.<\/p>","protected":false},"author":1,"menu_order":7,"template":"","product-category":[],"class_list":["post-841","product","type-product","status-publish","hentry"],"acf":[],"_links":{"self":[{"href":"https:\/\/twobite.ca\/fr\/wp-json\/wp\/v2\/product\/841","targetHints":{"allow":["GET"]}}],"collection":[{"href":"https:\/\/twobite.ca\/fr\/wp-json\/wp\/v2\/product"}],"about":[{"href":"https:\/\/twobite.ca\/fr\/wp-json\/wp\/v2\/types\/product"}],"author":[{"embeddable":true,"href":"https:\/\/twobite.ca\/fr\/wp-json\/wp\/v2\/users\/1"}],"version-history":[{"count":3,"href":"https:\/\/twobite.ca\/fr\/wp-json\/wp\/v2\/product\/841\/revisions"}],"predecessor-version":[{"id":3010,"href":"https:\/\/twobite.ca\/fr\/wp-json\/wp\/v2\/product\/841\/revisions\/3010"}],"wp:attachment":[{"href":"https:\/\/twobite.ca\/fr\/wp-json\/wp\/v2\/media?parent=841"}],"wp:term":[{"taxonomy":"product-category","embeddable":true,"href":"https:\/\/twobite.ca\/fr\/wp-json\/wp\/v2\/product-category?post=841"}],"curies":[{"name":"wp","href":"https:\/\/api.w.org\/{rel}","templated":true}]}}