{"id":842,"date":"2023-06-27T19:33:40","date_gmt":"2023-06-27T19:33:40","guid":{"rendered":"http:\/\/twobite.ca\/?post_type=product&#038;p=842"},"modified":"2023-10-04T16:47:20","modified_gmt":"2023-10-04T16:47:20","slug":"two-bite-tartelettes-a-lerable","status":"publish","type":"product","link":"https:\/\/twobite.ca\/fr\/product\/two-bite-tartelettes-a-lerable\/","title":{"rendered":"tartelettes \u00e0 l&rsquo;\u00e9rable"},"content":{"rendered":"<p>Une p\u00e2te bris\u00e9e feuillet\u00e9e avec une riche garniture sucr\u00e9e infus\u00e9e \u00e0 l&rsquo;\u00e9rable.<\/p>","protected":false},"author":1,"menu_order":8,"template":"","product-category":[],"class_list":["post-842","product","type-product","status-publish","hentry"],"acf":[],"_links":{"self":[{"href":"https:\/\/twobite.ca\/fr\/wp-json\/wp\/v2\/product\/842","targetHints":{"allow":["GET"]}}],"collection":[{"href":"https:\/\/twobite.ca\/fr\/wp-json\/wp\/v2\/product"}],"about":[{"href":"https:\/\/twobite.ca\/fr\/wp-json\/wp\/v2\/types\/product"}],"author":[{"embeddable":true,"href":"https:\/\/twobite.ca\/fr\/wp-json\/wp\/v2\/users\/1"}],"version-history":[{"count":3,"href":"https:\/\/twobite.ca\/fr\/wp-json\/wp\/v2\/product\/842\/revisions"}],"predecessor-version":[{"id":3009,"href":"https:\/\/twobite.ca\/fr\/wp-json\/wp\/v2\/product\/842\/revisions\/3009"}],"wp:attachment":[{"href":"https:\/\/twobite.ca\/fr\/wp-json\/wp\/v2\/media?parent=842"}],"wp:term":[{"taxonomy":"product-category","embeddable":true,"href":"https:\/\/twobite.ca\/fr\/wp-json\/wp\/v2\/product-category?post=842"}],"curies":[{"name":"wp","href":"https:\/\/api.w.org\/{rel}","templated":true}]}}