{"id":851,"date":"2023-06-27T19:02:53","date_gmt":"2023-06-27T19:02:53","guid":{"rendered":"http:\/\/twobite.ca\/?post_type=product&#038;p=851"},"modified":"2023-11-14T18:41:14","modified_gmt":"2023-11-14T18:41:14","slug":"two-bite-macarons-a-la-noix-de-coco","status":"publish","type":"product","link":"https:\/\/twobite.ca\/fr\/product\/two-bite-macarons-a-la-noix-de-coco\/","title":{"rendered":"macarons \u00e0 la noix de coco"},"content":{"rendered":"<p>De d\u00e9licieux macarons sucr\u00e9s \u00e0 la noix de coco grill\u00e9e<\/p>","protected":false},"author":1,"menu_order":1,"template":"","product-category":[48],"class_list":["post-851","product","type-product","status-publish","hentry","product-category-macarons"],"acf":[],"_links":{"self":[{"href":"https:\/\/twobite.ca\/fr\/wp-json\/wp\/v2\/product\/851","targetHints":{"allow":["GET"]}}],"collection":[{"href":"https:\/\/twobite.ca\/fr\/wp-json\/wp\/v2\/product"}],"about":[{"href":"https:\/\/twobite.ca\/fr\/wp-json\/wp\/v2\/types\/product"}],"author":[{"embeddable":true,"href":"https:\/\/twobite.ca\/fr\/wp-json\/wp\/v2\/users\/1"}],"version-history":[{"count":3,"href":"https:\/\/twobite.ca\/fr\/wp-json\/wp\/v2\/product\/851\/revisions"}],"predecessor-version":[{"id":3019,"href":"https:\/\/twobite.ca\/fr\/wp-json\/wp\/v2\/product\/851\/revisions\/3019"}],"wp:attachment":[{"href":"https:\/\/twobite.ca\/fr\/wp-json\/wp\/v2\/media?parent=851"}],"wp:term":[{"taxonomy":"product-category","embeddable":true,"href":"https:\/\/twobite.ca\/fr\/wp-json\/wp\/v2\/product-category?post=851"}],"curies":[{"name":"wp","href":"https:\/\/api.w.org\/{rel}","templated":true}]}}