{"id":855,"date":"2023-06-27T18:57:38","date_gmt":"2023-06-27T18:57:38","guid":{"rendered":"http:\/\/twobite.ca\/?post_type=product&#038;p=855"},"modified":"2023-10-04T16:49:24","modified_gmt":"2023-10-04T16:49:24","slug":"two-bite-madeleines-au-chocolat-blanc-et-pain-depices","status":"publish","type":"product","link":"https:\/\/twobite.ca\/fr\/product\/two-bite-madeleines-au-chocolat-blanc-et-pain-depices\/","title":{"rendered":"madeleines au chocolat blanc et pain d&rsquo;\u00e9pices"},"content":{"rendered":"<p>Une variante saisonni\u00e8re amusante de la madeleine traditionnelle ! La combinaison de pain d&rsquo;\u00e9pices et de chocolat blanc \u00e9voquera \u00e0 coup s\u00fbr l&rsquo;ambiance des f\u00eates.<\/p>","protected":false},"author":1,"menu_order":3,"template":"","product-category":[],"class_list":["post-855","product","type-product","status-publish","hentry"],"acf":[],"_links":{"self":[{"href":"https:\/\/twobite.ca\/fr\/wp-json\/wp\/v2\/product\/855","targetHints":{"allow":["GET"]}}],"collection":[{"href":"https:\/\/twobite.ca\/fr\/wp-json\/wp\/v2\/product"}],"about":[{"href":"https:\/\/twobite.ca\/fr\/wp-json\/wp\/v2\/types\/product"}],"author":[{"embeddable":true,"href":"https:\/\/twobite.ca\/fr\/wp-json\/wp\/v2\/users\/1"}],"version-history":[{"count":3,"href":"https:\/\/twobite.ca\/fr\/wp-json\/wp\/v2\/product\/855\/revisions"}],"predecessor-version":[{"id":3023,"href":"https:\/\/twobite.ca\/fr\/wp-json\/wp\/v2\/product\/855\/revisions\/3023"}],"wp:attachment":[{"href":"https:\/\/twobite.ca\/fr\/wp-json\/wp\/v2\/media?parent=855"}],"wp:term":[{"taxonomy":"product-category","embeddable":true,"href":"https:\/\/twobite.ca\/fr\/wp-json\/wp\/v2\/product-category?post=855"}],"curies":[{"name":"wp","href":"https:\/\/api.w.org\/{rel}","templated":true}]}}