{"id":856,"date":"2023-06-27T18:58:05","date_gmt":"2023-06-27T18:58:05","guid":{"rendered":"http:\/\/twobite.ca\/?post_type=product&#038;p=856"},"modified":"2023-10-04T16:49:12","modified_gmt":"2023-10-04T16:49:12","slug":"two-bite-madeleines-a-la-citrouille-et-aux-epices","status":"publish","type":"product","link":"https:\/\/twobite.ca\/fr\/product\/two-bite-madeleines-a-la-citrouille-et-aux-epices\/","title":{"rendered":"madeleines \u00e0 la citrouille et aux \u00e9pices"},"content":{"rendered":"<p>Un d\u00e9lice de citrouille et d&rsquo;\u00e9pices ! Une version amusante de notre madeleine two-bite\u00ae. <\/p>","protected":false},"author":1,"menu_order":4,"template":"","product-category":[],"class_list":["post-856","product","type-product","status-publish","hentry"],"acf":[],"_links":{"self":[{"href":"https:\/\/twobite.ca\/fr\/wp-json\/wp\/v2\/product\/856","targetHints":{"allow":["GET"]}}],"collection":[{"href":"https:\/\/twobite.ca\/fr\/wp-json\/wp\/v2\/product"}],"about":[{"href":"https:\/\/twobite.ca\/fr\/wp-json\/wp\/v2\/types\/product"}],"author":[{"embeddable":true,"href":"https:\/\/twobite.ca\/fr\/wp-json\/wp\/v2\/users\/1"}],"version-history":[{"count":3,"href":"https:\/\/twobite.ca\/fr\/wp-json\/wp\/v2\/product\/856\/revisions"}],"predecessor-version":[{"id":3022,"href":"https:\/\/twobite.ca\/fr\/wp-json\/wp\/v2\/product\/856\/revisions\/3022"}],"wp:attachment":[{"href":"https:\/\/twobite.ca\/fr\/wp-json\/wp\/v2\/media?parent=856"}],"wp:term":[{"taxonomy":"product-category","embeddable":true,"href":"https:\/\/twobite.ca\/fr\/wp-json\/wp\/v2\/product-category?post=856"}],"curies":[{"name":"wp","href":"https:\/\/api.w.org\/{rel}","templated":true}]}}