{"id":857,"date":"2023-06-27T18:58:25","date_gmt":"2023-06-27T18:58:25","guid":{"rendered":"http:\/\/twobite.ca\/?post_type=product&#038;p=857"},"modified":"2023-10-04T16:49:04","modified_gmt":"2023-10-04T16:49:04","slug":"two-bite-madeleines-au-gateau-au-fromage-a-la-fraise","status":"publish","type":"product","link":"https:\/\/twobite.ca\/fr\/product\/two-bite-madeleines-au-gateau-au-fromage-a-la-fraise\/","title":{"rendered":"madeleines au g\u00e2teau au fromage \u00e0 la fraise"},"content":{"rendered":"<p>La madeleine r\u00e9invent\u00e9e avec un go\u00fbt riche de g\u00e2teau au fromage \u00e0 la fraise. <\/p>","protected":false},"author":1,"menu_order":5,"template":"","product-category":[],"class_list":["post-857","product","type-product","status-publish","hentry"],"acf":[],"_links":{"self":[{"href":"https:\/\/twobite.ca\/fr\/wp-json\/wp\/v2\/product\/857","targetHints":{"allow":["GET"]}}],"collection":[{"href":"https:\/\/twobite.ca\/fr\/wp-json\/wp\/v2\/product"}],"about":[{"href":"https:\/\/twobite.ca\/fr\/wp-json\/wp\/v2\/types\/product"}],"author":[{"embeddable":true,"href":"https:\/\/twobite.ca\/fr\/wp-json\/wp\/v2\/users\/1"}],"version-history":[{"count":3,"href":"https:\/\/twobite.ca\/fr\/wp-json\/wp\/v2\/product\/857\/revisions"}],"predecessor-version":[{"id":3021,"href":"https:\/\/twobite.ca\/fr\/wp-json\/wp\/v2\/product\/857\/revisions\/3021"}],"wp:attachment":[{"href":"https:\/\/twobite.ca\/fr\/wp-json\/wp\/v2\/media?parent=857"}],"wp:term":[{"taxonomy":"product-category","embeddable":true,"href":"https:\/\/twobite.ca\/fr\/wp-json\/wp\/v2\/product-category?post=857"}],"curies":[{"name":"wp","href":"https:\/\/api.w.org\/{rel}","templated":true}]}}