{"id":858,"date":"2023-06-27T18:58:33","date_gmt":"2023-06-27T18:58:33","guid":{"rendered":"http:\/\/twobite.ca\/?post_type=product&#038;p=858"},"modified":"2023-10-04T16:48:57","modified_gmt":"2023-10-04T16:48:57","slug":"two-bite-madeleines-au-zeste-de-citron","status":"publish","type":"product","link":"https:\/\/twobite.ca\/fr\/product\/two-bite-madeleines-au-zeste-de-citron\/","title":{"rendered":"madeleines au zeste de citron"},"content":{"rendered":"<p>Une variante amusante et acidul\u00e9e de ce d\u00e9lice fran\u00e7ais traditionnel! <\/p>","protected":false},"author":1,"menu_order":6,"template":"","product-category":[],"class_list":["post-858","product","type-product","status-publish","hentry"],"acf":[],"_links":{"self":[{"href":"https:\/\/twobite.ca\/fr\/wp-json\/wp\/v2\/product\/858","targetHints":{"allow":["GET"]}}],"collection":[{"href":"https:\/\/twobite.ca\/fr\/wp-json\/wp\/v2\/product"}],"about":[{"href":"https:\/\/twobite.ca\/fr\/wp-json\/wp\/v2\/types\/product"}],"author":[{"embeddable":true,"href":"https:\/\/twobite.ca\/fr\/wp-json\/wp\/v2\/users\/1"}],"version-history":[{"count":3,"href":"https:\/\/twobite.ca\/fr\/wp-json\/wp\/v2\/product\/858\/revisions"}],"predecessor-version":[{"id":3020,"href":"https:\/\/twobite.ca\/fr\/wp-json\/wp\/v2\/product\/858\/revisions\/3020"}],"wp:attachment":[{"href":"https:\/\/twobite.ca\/fr\/wp-json\/wp\/v2\/media?parent=858"}],"wp:term":[{"taxonomy":"product-category","embeddable":true,"href":"https:\/\/twobite.ca\/fr\/wp-json\/wp\/v2\/product-category?post=858"}],"curies":[{"name":"wp","href":"https:\/\/api.w.org\/{rel}","templated":true}]}}