{"id":867,"date":"2023-06-27T18:34:11","date_gmt":"2023-06-27T18:34:11","guid":{"rendered":"http:\/\/twobite.ca\/?post_type=product&#038;p=867"},"modified":"2023-11-02T19:31:53","modified_gmt":"2023-11-02T19:31:53","slug":"two-bite-scones-aux-pommes-et-epices","status":"publish","type":"product","link":"https:\/\/twobite.ca\/fr\/product\/two-bite-scones-aux-pommes-et-epices\/","title":{"rendered":"scones aux pommes et \u00e9pices"},"content":{"rendered":"<p>Des scones moelleux et savoureux aux \u00e9pices et aux pommes, pr\u00e9par\u00e9s avec de vrais morceaux de pommes et des \u00e9pices d&rsquo;automne puis recouverts d&rsquo;une glace sucr\u00e9e.<\/p>","protected":false},"author":1,"menu_order":2,"template":"","product-category":[],"class_list":["post-867","product","type-product","status-publish","hentry"],"acf":[],"_links":{"self":[{"href":"https:\/\/twobite.ca\/fr\/wp-json\/wp\/v2\/product\/867","targetHints":{"allow":["GET"]}}],"collection":[{"href":"https:\/\/twobite.ca\/fr\/wp-json\/wp\/v2\/product"}],"about":[{"href":"https:\/\/twobite.ca\/fr\/wp-json\/wp\/v2\/types\/product"}],"author":[{"embeddable":true,"href":"https:\/\/twobite.ca\/fr\/wp-json\/wp\/v2\/users\/1"}],"version-history":[{"count":3,"href":"https:\/\/twobite.ca\/fr\/wp-json\/wp\/v2\/product\/867\/revisions"}],"predecessor-version":[{"id":3031,"href":"https:\/\/twobite.ca\/fr\/wp-json\/wp\/v2\/product\/867\/revisions\/3031"}],"wp:attachment":[{"href":"https:\/\/twobite.ca\/fr\/wp-json\/wp\/v2\/media?parent=867"}],"wp:term":[{"taxonomy":"product-category","embeddable":true,"href":"https:\/\/twobite.ca\/fr\/wp-json\/wp\/v2\/product-category?post=867"}],"curies":[{"name":"wp","href":"https:\/\/api.w.org\/{rel}","templated":true}]}}