{"id":868,"date":"2023-06-27T18:35:17","date_gmt":"2023-06-27T18:35:17","guid":{"rendered":"http:\/\/twobite.ca\/?post_type=product&#038;p=868"},"modified":"2023-11-02T19:31:50","modified_gmt":"2023-11-02T19:31:50","slug":"two-bite-scones-aux-bleuets","status":"publish","type":"product","link":"https:\/\/twobite.ca\/fr\/product\/two-bite-scones-aux-bleuets\/","title":{"rendered":"scones aux bleuets"},"content":{"rendered":"<p>Des scones moelleux et savoureux, pr\u00e9par\u00e9s avec de vrais bleuets et recouverts d&rsquo;une glace sucr\u00e9e.<\/p>","protected":false},"author":1,"menu_order":3,"template":"","product-category":[],"class_list":["post-868","product","type-product","status-publish","hentry"],"acf":[],"_links":{"self":[{"href":"https:\/\/twobite.ca\/fr\/wp-json\/wp\/v2\/product\/868","targetHints":{"allow":["GET"]}}],"collection":[{"href":"https:\/\/twobite.ca\/fr\/wp-json\/wp\/v2\/product"}],"about":[{"href":"https:\/\/twobite.ca\/fr\/wp-json\/wp\/v2\/types\/product"}],"author":[{"embeddable":true,"href":"https:\/\/twobite.ca\/fr\/wp-json\/wp\/v2\/users\/1"}],"version-history":[{"count":3,"href":"https:\/\/twobite.ca\/fr\/wp-json\/wp\/v2\/product\/868\/revisions"}],"predecessor-version":[{"id":3030,"href":"https:\/\/twobite.ca\/fr\/wp-json\/wp\/v2\/product\/868\/revisions\/3030"}],"wp:attachment":[{"href":"https:\/\/twobite.ca\/fr\/wp-json\/wp\/v2\/media?parent=868"}],"wp:term":[{"taxonomy":"product-category","embeddable":true,"href":"https:\/\/twobite.ca\/fr\/wp-json\/wp\/v2\/product-category?post=868"}],"curies":[{"name":"wp","href":"https:\/\/api.w.org\/{rel}","templated":true}]}}