{"id":869,"date":"2023-06-27T18:36:30","date_gmt":"2023-06-27T18:36:30","guid":{"rendered":"http:\/\/twobite.ca\/?post_type=product&#038;p=869"},"modified":"2023-11-02T19:31:47","modified_gmt":"2023-11-02T19:31:47","slug":"two-bite-scones-a-lorange-et-aux-canneberges","status":"publish","type":"product","link":"https:\/\/twobite.ca\/fr\/product\/two-bite-scones-a-lorange-et-aux-canneberges\/","title":{"rendered":"scones \u00e0 l&rsquo;orange et aux canneberges"},"content":{"rendered":"<p>Des scones moelleux et savoureux pr\u00e9par\u00e9s avec du zeste d&rsquo;orange et des vraies canneberges puis recouverts d&rsquo;une glace sucr\u00e9e.<\/p>","protected":false},"author":1,"menu_order":4,"template":"","product-category":[],"class_list":["post-869","product","type-product","status-publish","hentry"],"acf":[],"_links":{"self":[{"href":"https:\/\/twobite.ca\/fr\/wp-json\/wp\/v2\/product\/869","targetHints":{"allow":["GET"]}}],"collection":[{"href":"https:\/\/twobite.ca\/fr\/wp-json\/wp\/v2\/product"}],"about":[{"href":"https:\/\/twobite.ca\/fr\/wp-json\/wp\/v2\/types\/product"}],"author":[{"embeddable":true,"href":"https:\/\/twobite.ca\/fr\/wp-json\/wp\/v2\/users\/1"}],"version-history":[{"count":3,"href":"https:\/\/twobite.ca\/fr\/wp-json\/wp\/v2\/product\/869\/revisions"}],"predecessor-version":[{"id":3029,"href":"https:\/\/twobite.ca\/fr\/wp-json\/wp\/v2\/product\/869\/revisions\/3029"}],"wp:attachment":[{"href":"https:\/\/twobite.ca\/fr\/wp-json\/wp\/v2\/media?parent=869"}],"wp:term":[{"taxonomy":"product-category","embeddable":true,"href":"https:\/\/twobite.ca\/fr\/wp-json\/wp\/v2\/product-category?post=869"}],"curies":[{"name":"wp","href":"https:\/\/api.w.org\/{rel}","templated":true}]}}