{"id":870,"date":"2023-06-27T18:37:50","date_gmt":"2023-06-27T18:37:50","guid":{"rendered":"http:\/\/twobite.ca\/?post_type=product&#038;p=870"},"modified":"2023-10-04T16:50:00","modified_gmt":"2023-10-04T16:50:00","slug":"two-bite-scones-au-citron-et-aux-graines-de-pavot","status":"publish","type":"product","link":"https:\/\/twobite.ca\/fr\/product\/two-bite-scones-au-citron-et-aux-graines-de-pavot\/","title":{"rendered":"scones au citron et aux graines de pavot"},"content":{"rendered":"<p>Des scones moelleux et savoureux pr\u00e9par\u00e9s avec un m\u00e9lange classique de citron et de graines de pavot puis recouverts d&rsquo;une glace sucr\u00e9e.<\/p>","protected":false},"author":1,"menu_order":5,"template":"","product-category":[],"class_list":["post-870","product","type-product","status-publish","hentry"],"acf":[],"_links":{"self":[{"href":"https:\/\/twobite.ca\/fr\/wp-json\/wp\/v2\/product\/870","targetHints":{"allow":["GET"]}}],"collection":[{"href":"https:\/\/twobite.ca\/fr\/wp-json\/wp\/v2\/product"}],"about":[{"href":"https:\/\/twobite.ca\/fr\/wp-json\/wp\/v2\/types\/product"}],"author":[{"embeddable":true,"href":"https:\/\/twobite.ca\/fr\/wp-json\/wp\/v2\/users\/1"}],"version-history":[{"count":3,"href":"https:\/\/twobite.ca\/fr\/wp-json\/wp\/v2\/product\/870\/revisions"}],"predecessor-version":[{"id":3028,"href":"https:\/\/twobite.ca\/fr\/wp-json\/wp\/v2\/product\/870\/revisions\/3028"}],"wp:attachment":[{"href":"https:\/\/twobite.ca\/fr\/wp-json\/wp\/v2\/media?parent=870"}],"wp:term":[{"taxonomy":"product-category","embeddable":true,"href":"https:\/\/twobite.ca\/fr\/wp-json\/wp\/v2\/product-category?post=870"}],"curies":[{"name":"wp","href":"https:\/\/api.w.org\/{rel}","templated":true}]}}