{"id":871,"date":"2023-06-27T18:39:03","date_gmt":"2023-06-27T18:39:03","guid":{"rendered":"http:\/\/twobite.ca\/?post_type=product&#038;p=871"},"modified":"2023-11-02T19:31:43","modified_gmt":"2023-11-02T19:31:43","slug":"two-bite-scones-au-caramel-anglais","status":"publish","type":"product","link":"https:\/\/twobite.ca\/fr\/product\/two-bite-scones-au-caramel-anglais\/","title":{"rendered":"scones au caramel anglais"},"content":{"rendered":"<p>Des scones moelleux et savoureux pr\u00e9par\u00e9s avec des morceaux de caramel anglais puis recouverts d&rsquo;une glace sucr\u00e9e.<\/p>","protected":false},"author":1,"menu_order":6,"template":"","product-category":[],"class_list":["post-871","product","type-product","status-publish","hentry"],"acf":[],"_links":{"self":[{"href":"https:\/\/twobite.ca\/fr\/wp-json\/wp\/v2\/product\/871","targetHints":{"allow":["GET"]}}],"collection":[{"href":"https:\/\/twobite.ca\/fr\/wp-json\/wp\/v2\/product"}],"about":[{"href":"https:\/\/twobite.ca\/fr\/wp-json\/wp\/v2\/types\/product"}],"author":[{"embeddable":true,"href":"https:\/\/twobite.ca\/fr\/wp-json\/wp\/v2\/users\/1"}],"version-history":[{"count":4,"href":"https:\/\/twobite.ca\/fr\/wp-json\/wp\/v2\/product\/871\/revisions"}],"predecessor-version":[{"id":3027,"href":"https:\/\/twobite.ca\/fr\/wp-json\/wp\/v2\/product\/871\/revisions\/3027"}],"wp:attachment":[{"href":"https:\/\/twobite.ca\/fr\/wp-json\/wp\/v2\/media?parent=871"}],"wp:term":[{"taxonomy":"product-category","embeddable":true,"href":"https:\/\/twobite.ca\/fr\/wp-json\/wp\/v2\/product-category?post=871"}],"curies":[{"name":"wp","href":"https:\/\/api.w.org\/{rel}","templated":true}]}}