{"id":882,"date":"2023-06-29T17:38:44","date_gmt":"2023-06-29T17:38:44","guid":{"rendered":"http:\/\/twobite.ca\/?post_type=product&#038;p=882"},"modified":"2023-10-04T16:42:27","modified_gmt":"2023-10-04T16:42:27","slug":"two-bite-brioches-a-la-cannelle-32-unites","status":"publish","type":"product","link":"https:\/\/twobite.ca\/fr\/product\/two-bite-brioches-a-la-cannelle-32-unites\/","title":{"rendered":"brioches \u00e0 la cannelle &#8211; 32 unit\u00e9s"},"content":{"rendered":"<p>Des brioches \u00e0 la cannelle de la taille d&rsquo;une bouch\u00e9e, faites d&rsquo;une p\u00e2te sucr\u00e9e et d&rsquo;une d\u00e9licieuse couche de cannelle.<\/p>","protected":false},"author":1,"menu_order":1,"template":"","product-category":[],"class_list":["post-882","product","type-product","status-publish","hentry"],"acf":[],"_links":{"self":[{"href":"https:\/\/twobite.ca\/fr\/wp-json\/wp\/v2\/product\/882","targetHints":{"allow":["GET"]}}],"collection":[{"href":"https:\/\/twobite.ca\/fr\/wp-json\/wp\/v2\/product"}],"about":[{"href":"https:\/\/twobite.ca\/fr\/wp-json\/wp\/v2\/types\/product"}],"author":[{"embeddable":true,"href":"https:\/\/twobite.ca\/fr\/wp-json\/wp\/v2\/users\/1"}],"version-history":[{"count":4,"href":"https:\/\/twobite.ca\/fr\/wp-json\/wp\/v2\/product\/882\/revisions"}],"predecessor-version":[{"id":2971,"href":"https:\/\/twobite.ca\/fr\/wp-json\/wp\/v2\/product\/882\/revisions\/2971"}],"wp:attachment":[{"href":"https:\/\/twobite.ca\/fr\/wp-json\/wp\/v2\/media?parent=882"}],"wp:term":[{"taxonomy":"product-category","embeddable":true,"href":"https:\/\/twobite.ca\/fr\/wp-json\/wp\/v2\/product-category?post=882"}],"curies":[{"name":"wp","href":"https:\/\/api.w.org\/{rel}","templated":true}]}}