{"id":885,"date":"2023-06-29T17:40:29","date_gmt":"2023-06-29T17:40:29","guid":{"rendered":"http:\/\/twobite.ca\/?post_type=product&#038;p=885"},"modified":"2023-11-10T16:37:14","modified_gmt":"2023-11-10T16:37:14","slug":"two-bite-brioches-a-la-cannelle-en-format-collation","status":"publish","type":"product","link":"https:\/\/twobite.ca\/fr\/product\/two-bite-brioches-a-la-cannelle-en-format-collation\/","title":{"rendered":"brioches \u00e0 la cannelle en format collation"},"content":{"rendered":"<p>Des brioches \u00e0 la cannelle de la taille d&rsquo;une bouch\u00e9e, faites d&rsquo;une p\u00e2te sucr\u00e9e et d&rsquo;une d\u00e9licieuse couche de cannelle.<\/p>","protected":false},"author":1,"menu_order":4,"template":"","product-category":[42],"class_list":["post-885","product","type-product","status-publish","hentry","product-category-brioches-a-la-cannelle"],"acf":[],"_links":{"self":[{"href":"https:\/\/twobite.ca\/fr\/wp-json\/wp\/v2\/product\/885","targetHints":{"allow":["GET"]}}],"collection":[{"href":"https:\/\/twobite.ca\/fr\/wp-json\/wp\/v2\/product"}],"about":[{"href":"https:\/\/twobite.ca\/fr\/wp-json\/wp\/v2\/types\/product"}],"author":[{"embeddable":true,"href":"https:\/\/twobite.ca\/fr\/wp-json\/wp\/v2\/users\/1"}],"version-history":[{"count":3,"href":"https:\/\/twobite.ca\/fr\/wp-json\/wp\/v2\/product\/885\/revisions"}],"predecessor-version":[{"id":2968,"href":"https:\/\/twobite.ca\/fr\/wp-json\/wp\/v2\/product\/885\/revisions\/2968"}],"wp:attachment":[{"href":"https:\/\/twobite.ca\/fr\/wp-json\/wp\/v2\/media?parent=885"}],"wp:term":[{"taxonomy":"product-category","embeddable":true,"href":"https:\/\/twobite.ca\/fr\/wp-json\/wp\/v2\/product-category?post=885"}],"curies":[{"name":"wp","href":"https:\/\/api.w.org\/{rel}","templated":true}]}}