{"id":892,"date":"2023-06-27T20:46:49","date_gmt":"2023-06-27T20:46:49","guid":{"rendered":"http:\/\/twobite.ca\/?post_type=product&#038;p=892"},"modified":"2023-11-10T15:38:39","modified_gmt":"2023-11-10T15:38:39","slug":"two-bite-croissants-au-chocolat-20-unites","status":"publish","type":"product","link":"https:\/\/twobite.ca\/fr\/product\/two-bite-croissants-au-chocolat-20-unites\/","title":{"rendered":"croissants au chocolat &#8211; 20 unit\u00e9s"},"content":{"rendered":"<p>Garnis de vrai chocolat, glac\u00e9s au miel et recouverts de sucre en poudre et de filets chocolat\u00e9s. Une sublime gourmandise qui go\u00fbte le ciel.<\/p>","protected":false},"author":1,"menu_order":2,"template":"","product-category":[],"class_list":["post-892","product","type-product","status-publish","hentry"],"acf":[],"_links":{"self":[{"href":"https:\/\/twobite.ca\/fr\/wp-json\/wp\/v2\/product\/892","targetHints":{"allow":["GET"]}}],"collection":[{"href":"https:\/\/twobite.ca\/fr\/wp-json\/wp\/v2\/product"}],"about":[{"href":"https:\/\/twobite.ca\/fr\/wp-json\/wp\/v2\/types\/product"}],"author":[{"embeddable":true,"href":"https:\/\/twobite.ca\/fr\/wp-json\/wp\/v2\/users\/1"}],"version-history":[{"count":3,"href":"https:\/\/twobite.ca\/fr\/wp-json\/wp\/v2\/product\/892\/revisions"}],"predecessor-version":[{"id":3007,"href":"https:\/\/twobite.ca\/fr\/wp-json\/wp\/v2\/product\/892\/revisions\/3007"}],"wp:attachment":[{"href":"https:\/\/twobite.ca\/fr\/wp-json\/wp\/v2\/media?parent=892"}],"wp:term":[{"taxonomy":"product-category","embeddable":true,"href":"https:\/\/twobite.ca\/fr\/wp-json\/wp\/v2\/product-category?post=892"}],"curies":[{"name":"wp","href":"https:\/\/api.w.org\/{rel}","templated":true}]}}