{"id":895,"date":"2023-06-27T20:50:17","date_gmt":"2023-06-27T20:50:17","guid":{"rendered":"http:\/\/twobite.ca\/?post_type=product&#038;p=895"},"modified":"2023-11-10T15:38:32","modified_gmt":"2023-11-10T15:38:32","slug":"two-bite-croissants-au-caramel-sale-6-unites","status":"publish","type":"product","link":"https:\/\/twobite.ca\/fr\/product\/two-bite-croissants-au-caramel-sale-6-unites\/","title":{"rendered":"croissants au caramel sal\u00e9 &#8211; 6 unit\u00e9s"},"content":{"rendered":"<p>Un croissant l\u00e9ger et feuillet\u00e9 arros\u00e9 de filets de caramel et d&rsquo;une garniture croustillante sal\u00e9e. Ces croissants sont le choix id\u00e9al, que ce soit pour commencer la journ\u00e9e ou comme collation en apr\u00e8s-midi !<\/p>","protected":false},"author":1,"menu_order":5,"template":"","product-category":[],"class_list":["post-895","product","type-product","status-publish","hentry"],"acf":[],"_links":{"self":[{"href":"https:\/\/twobite.ca\/fr\/wp-json\/wp\/v2\/product\/895","targetHints":{"allow":["GET"]}}],"collection":[{"href":"https:\/\/twobite.ca\/fr\/wp-json\/wp\/v2\/product"}],"about":[{"href":"https:\/\/twobite.ca\/fr\/wp-json\/wp\/v2\/types\/product"}],"author":[{"embeddable":true,"href":"https:\/\/twobite.ca\/fr\/wp-json\/wp\/v2\/users\/1"}],"version-history":[{"count":3,"href":"https:\/\/twobite.ca\/fr\/wp-json\/wp\/v2\/product\/895\/revisions"}],"predecessor-version":[{"id":3005,"href":"https:\/\/twobite.ca\/fr\/wp-json\/wp\/v2\/product\/895\/revisions\/3005"}],"wp:attachment":[{"href":"https:\/\/twobite.ca\/fr\/wp-json\/wp\/v2\/media?parent=895"}],"wp:term":[{"taxonomy":"product-category","embeddable":true,"href":"https:\/\/twobite.ca\/fr\/wp-json\/wp\/v2\/product-category?post=895"}],"curies":[{"name":"wp","href":"https:\/\/api.w.org\/{rel}","templated":true}]}}