{"id":897,"date":"2023-06-27T20:54:28","date_gmt":"2023-06-27T20:54:28","guid":{"rendered":"http:\/\/twobite.ca\/?post_type=product&#038;p=897"},"modified":"2023-11-10T15:38:21","modified_gmt":"2023-11-10T15:38:21","slug":"two-bite-astisan-pochettes-danoises-au-fromage-a-la-creme","status":"publish","type":"product","link":"https:\/\/twobite.ca\/fr\/product\/two-bite-astisan-pochettes-danoises-au-fromage-a-la-creme\/","title":{"rendered":"Astisan pochettes danoises au fromage \u00e0 la cr\u00e8me"},"content":{"rendered":"<p>Une pochette de p\u00e2te feuillet\u00e9e remplie d&rsquo;une garniture sucr\u00e9e au fromage.<\/p>","protected":false},"author":1,"menu_order":7,"template":"","product-category":[],"class_list":["post-897","product","type-product","status-publish","hentry"],"acf":[],"_links":{"self":[{"href":"https:\/\/twobite.ca\/fr\/wp-json\/wp\/v2\/product\/897","targetHints":{"allow":["GET"]}}],"collection":[{"href":"https:\/\/twobite.ca\/fr\/wp-json\/wp\/v2\/product"}],"about":[{"href":"https:\/\/twobite.ca\/fr\/wp-json\/wp\/v2\/types\/product"}],"author":[{"embeddable":true,"href":"https:\/\/twobite.ca\/fr\/wp-json\/wp\/v2\/users\/1"}],"version-history":[{"count":3,"href":"https:\/\/twobite.ca\/fr\/wp-json\/wp\/v2\/product\/897\/revisions"}],"predecessor-version":[{"id":3002,"href":"https:\/\/twobite.ca\/fr\/wp-json\/wp\/v2\/product\/897\/revisions\/3002"}],"wp:attachment":[{"href":"https:\/\/twobite.ca\/fr\/wp-json\/wp\/v2\/media?parent=897"}],"wp:term":[{"taxonomy":"product-category","embeddable":true,"href":"https:\/\/twobite.ca\/fr\/wp-json\/wp\/v2\/product-category?post=897"}],"curies":[{"name":"wp","href":"https:\/\/api.w.org\/{rel}","templated":true}]}}