{"id":901,"date":"2023-06-27T20:58:23","date_gmt":"2023-06-27T20:58:23","guid":{"rendered":"http:\/\/twobite.ca\/?post_type=product&#038;p=901"},"modified":"2023-11-10T15:38:07","modified_gmt":"2023-11-10T15:38:07","slug":"two-bite-croissants-a-la-cannelle-8-unites","status":"publish","type":"product","link":"https:\/\/twobite.ca\/fr\/product\/two-bite-croissants-a-la-cannelle-8-unites\/","title":{"rendered":"croissants \u00e0 la cannelle &#8211; 8 unit\u00e9s"},"content":{"rendered":"<p>Garnis d&rsquo;une v\u00e9ritable cannelle de Saigon, glac\u00e9s au miel et recouverts de yogourt grec et de sucre \u00e0 gros cristaux. Une exp\u00e9rience gustative impossible \u00e0 r\u00e9sister.<\/p>","protected":false},"author":1,"menu_order":11,"template":"","product-category":[],"class_list":["post-901","product","type-product","status-publish","hentry"],"acf":[],"_links":{"self":[{"href":"https:\/\/twobite.ca\/fr\/wp-json\/wp\/v2\/product\/901","targetHints":{"allow":["GET"]}}],"collection":[{"href":"https:\/\/twobite.ca\/fr\/wp-json\/wp\/v2\/product"}],"about":[{"href":"https:\/\/twobite.ca\/fr\/wp-json\/wp\/v2\/types\/product"}],"author":[{"embeddable":true,"href":"https:\/\/twobite.ca\/fr\/wp-json\/wp\/v2\/users\/1"}],"version-history":[{"count":3,"href":"https:\/\/twobite.ca\/fr\/wp-json\/wp\/v2\/product\/901\/revisions"}],"predecessor-version":[{"id":2998,"href":"https:\/\/twobite.ca\/fr\/wp-json\/wp\/v2\/product\/901\/revisions\/2998"}],"wp:attachment":[{"href":"https:\/\/twobite.ca\/fr\/wp-json\/wp\/v2\/media?parent=901"}],"wp:term":[{"taxonomy":"product-category","embeddable":true,"href":"https:\/\/twobite.ca\/fr\/wp-json\/wp\/v2\/product-category?post=901"}],"curies":[{"name":"wp","href":"https:\/\/api.w.org\/{rel}","templated":true}]}}