{"id":914,"date":"2023-06-29T18:02:24","date_gmt":"2023-06-29T18:02:24","guid":{"rendered":"http:\/\/twobite.ca\/?post_type=product&#038;p=914"},"modified":"2023-10-04T16:40:46","modified_gmt":"2023-10-04T16:40:46","slug":"two-bite-plateau-festif-de-macarons","status":"publish","type":"product","link":"https:\/\/twobite.ca\/fr\/product\/two-bite-plateau-festif-de-macarons\/","title":{"rendered":"plateau festif de macarons"},"content":{"rendered":"<p>Des macarons two-bite\u00ae \u00e0 la noix de coco sucr\u00e9e et grill\u00e9e, dans un format amusant \u00e0 partager.<\/p>","protected":false},"author":1,"menu_order":1,"template":"","product-category":[],"class_list":["post-914","product","type-product","status-publish","hentry"],"acf":[],"_links":{"self":[{"href":"https:\/\/twobite.ca\/fr\/wp-json\/wp\/v2\/product\/914","targetHints":{"allow":["GET"]}}],"collection":[{"href":"https:\/\/twobite.ca\/fr\/wp-json\/wp\/v2\/product"}],"about":[{"href":"https:\/\/twobite.ca\/fr\/wp-json\/wp\/v2\/types\/product"}],"author":[{"embeddable":true,"href":"https:\/\/twobite.ca\/fr\/wp-json\/wp\/v2\/users\/1"}],"version-history":[{"count":3,"href":"https:\/\/twobite.ca\/fr\/wp-json\/wp\/v2\/product\/914\/revisions"}],"predecessor-version":[{"id":2966,"href":"https:\/\/twobite.ca\/fr\/wp-json\/wp\/v2\/product\/914\/revisions\/2966"}],"wp:attachment":[{"href":"https:\/\/twobite.ca\/fr\/wp-json\/wp\/v2\/media?parent=914"}],"wp:term":[{"taxonomy":"product-category","embeddable":true,"href":"https:\/\/twobite.ca\/fr\/wp-json\/wp\/v2\/product-category?post=914"}],"curies":[{"name":"wp","href":"https:\/\/api.w.org\/{rel}","templated":true}]}}