{"id":917,"date":"2023-06-29T18:03:14","date_gmt":"2023-06-29T18:03:14","guid":{"rendered":"http:\/\/twobite.ca\/?post_type=product&#038;p=917"},"modified":"2023-10-24T18:40:41","modified_gmt":"2023-10-24T18:40:41","slug":"two-bite-plateau-festif-de-tartelettes-a-la-citrouille","status":"publish","type":"product","link":"https:\/\/twobite.ca\/fr\/product\/two-bite-plateau-festif-de-tartelettes-a-la-citrouille\/","title":{"rendered":"plateau festif de tartelettes \u00e0 la citrouille"},"content":{"rendered":"<p>Notre tartelette two-bite\u00ae avec une riche garniture aux \u00e9pices et \u00e0 la citrouille dans une cro\u00fbte feuillet\u00e9e au beurre. Une douceur parfaite pour se r\u00e9chauffer lors d&rsquo;une fra\u00eeche journ\u00e9e d&rsquo;automne.<\/p>","protected":false},"author":1,"menu_order":3,"template":"","product-category":[],"class_list":["post-917","product","type-product","status-publish","hentry"],"acf":[],"_links":{"self":[{"href":"https:\/\/twobite.ca\/fr\/wp-json\/wp\/v2\/product\/917","targetHints":{"allow":["GET"]}}],"collection":[{"href":"https:\/\/twobite.ca\/fr\/wp-json\/wp\/v2\/product"}],"about":[{"href":"https:\/\/twobite.ca\/fr\/wp-json\/wp\/v2\/types\/product"}],"author":[{"embeddable":true,"href":"https:\/\/twobite.ca\/fr\/wp-json\/wp\/v2\/users\/1"}],"version-history":[{"count":3,"href":"https:\/\/twobite.ca\/fr\/wp-json\/wp\/v2\/product\/917\/revisions"}],"predecessor-version":[{"id":2965,"href":"https:\/\/twobite.ca\/fr\/wp-json\/wp\/v2\/product\/917\/revisions\/2965"}],"wp:attachment":[{"href":"https:\/\/twobite.ca\/fr\/wp-json\/wp\/v2\/media?parent=917"}],"wp:term":[{"taxonomy":"product-category","embeddable":true,"href":"https:\/\/twobite.ca\/fr\/wp-json\/wp\/v2\/product-category?post=917"}],"curies":[{"name":"wp","href":"https:\/\/api.w.org\/{rel}","templated":true}]}}