{"id":918,"date":"2023-06-29T18:05:56","date_gmt":"2023-06-29T23:05:56","guid":{"rendered":"http:\/\/twobite.ca\/?post_type=product&#038;p=918"},"modified":"2023-11-10T20:07:29","modified_gmt":"2023-11-10T20:07:29","slug":"two-bite-brownies-plateau-festif-de-tous-les-jours","status":"publish","type":"product","link":"https:\/\/twobite.ca\/fr\/product\/two-bite-brownies-plateau-festif-de-tous-les-jours\/","title":{"rendered":"plateau festif de tous les jours"},"content":{"rendered":"<p>Un two-bite brownie\u00ae alternant gla\u00e7age \u00e0 la vanille et au chocolat, garni de paillettes confettis multicolores, parfait pour toutes les c\u00e9l\u00e9brations !<\/p>","protected":false},"author":1,"menu_order":4,"template":"","product-category":[51],"class_list":["post-918","product","type-product","status-publish","hentry","product-category-plateaux-festifs"],"acf":[],"_links":{"self":[{"href":"https:\/\/twobite.ca\/fr\/wp-json\/wp\/v2\/product\/918","targetHints":{"allow":["GET"]}}],"collection":[{"href":"https:\/\/twobite.ca\/fr\/wp-json\/wp\/v2\/product"}],"about":[{"href":"https:\/\/twobite.ca\/fr\/wp-json\/wp\/v2\/types\/product"}],"author":[{"embeddable":true,"href":"https:\/\/twobite.ca\/fr\/wp-json\/wp\/v2\/users\/1"}],"version-history":[{"count":6,"href":"https:\/\/twobite.ca\/fr\/wp-json\/wp\/v2\/product\/918\/revisions"}],"predecessor-version":[{"id":2964,"href":"https:\/\/twobite.ca\/fr\/wp-json\/wp\/v2\/product\/918\/revisions\/2964"}],"wp:attachment":[{"href":"https:\/\/twobite.ca\/fr\/wp-json\/wp\/v2\/media?parent=918"}],"wp:term":[{"taxonomy":"product-category","embeddable":true,"href":"https:\/\/twobite.ca\/fr\/wp-json\/wp\/v2\/product-category?post=918"}],"curies":[{"name":"wp","href":"https:\/\/api.w.org\/{rel}","templated":true}]}}