{"id":919,"date":"2023-06-29T18:06:22","date_gmt":"2023-06-29T18:06:22","guid":{"rendered":"http:\/\/twobite.ca\/?post_type=product&#038;p=919"},"modified":"2023-11-10T20:00:25","modified_gmt":"2023-11-10T20:00:25","slug":"two-bite-brownies-plateau-festif-avec-glacage-au-fromage-a-la-creme","status":"publish","type":"product","link":"https:\/\/twobite.ca\/fr\/product\/two-bite-brownies-plateau-festif-avec-glacage-au-fromage-a-la-creme\/","title":{"rendered":"plateau festif avec gla\u00e7age au fromage \u00e0 la cr\u00e8me"},"content":{"rendered":"<p>Un two-bite brownie\u00ae garni d&rsquo;un gla\u00e7age velout\u00e9 au fromage \u00e0 la cr\u00e8me.<\/p>","protected":false},"author":1,"menu_order":5,"template":"","product-category":[51],"class_list":["post-919","product","type-product","status-publish","hentry","product-category-plateaux-festifs"],"acf":[],"_links":{"self":[{"href":"https:\/\/twobite.ca\/fr\/wp-json\/wp\/v2\/product\/919","targetHints":{"allow":["GET"]}}],"collection":[{"href":"https:\/\/twobite.ca\/fr\/wp-json\/wp\/v2\/product"}],"about":[{"href":"https:\/\/twobite.ca\/fr\/wp-json\/wp\/v2\/types\/product"}],"author":[{"embeddable":true,"href":"https:\/\/twobite.ca\/fr\/wp-json\/wp\/v2\/users\/1"}],"version-history":[{"count":7,"href":"https:\/\/twobite.ca\/fr\/wp-json\/wp\/v2\/product\/919\/revisions"}],"predecessor-version":[{"id":2963,"href":"https:\/\/twobite.ca\/fr\/wp-json\/wp\/v2\/product\/919\/revisions\/2963"}],"wp:attachment":[{"href":"https:\/\/twobite.ca\/fr\/wp-json\/wp\/v2\/media?parent=919"}],"wp:term":[{"taxonomy":"product-category","embeddable":true,"href":"https:\/\/twobite.ca\/fr\/wp-json\/wp\/v2\/product-category?post=919"}],"curies":[{"name":"wp","href":"https:\/\/api.w.org\/{rel}","templated":true}]}}