{"id":927,"date":"2023-06-29T18:06:35","date_gmt":"2023-06-29T18:06:35","guid":{"rendered":"http:\/\/twobite.ca\/?post_type=product&#038;p=927"},"modified":"2023-11-10T19:56:55","modified_gmt":"2023-11-10T19:56:55","slug":"two-bite-brownies-plateau-festif-de-gateau-velours-rouge","status":"publish","type":"product","link":"https:\/\/twobite.ca\/fr\/product\/two-bite-brownies-plateau-festif-de-gateau-velours-rouge\/","title":{"rendered":"plateau festif de g\u00e2teau velours rouge"},"content":{"rendered":"<p>Un two-bite brownie\u00ae avec une base de velours rouge recouvert d&rsquo;un gla\u00e7age au fromage \u00e0 la cr\u00e8me et d&rsquo;une gartinure croustillante de g\u00e2teau rouge.<\/p>","protected":false},"author":1,"menu_order":6,"template":"","product-category":[51],"class_list":["post-927","product","type-product","status-publish","hentry","product-category-plateaux-festifs"],"acf":[],"_links":{"self":[{"href":"https:\/\/twobite.ca\/fr\/wp-json\/wp\/v2\/product\/927","targetHints":{"allow":["GET"]}}],"collection":[{"href":"https:\/\/twobite.ca\/fr\/wp-json\/wp\/v2\/product"}],"about":[{"href":"https:\/\/twobite.ca\/fr\/wp-json\/wp\/v2\/types\/product"}],"author":[{"embeddable":true,"href":"https:\/\/twobite.ca\/fr\/wp-json\/wp\/v2\/users\/1"}],"version-history":[{"count":6,"href":"https:\/\/twobite.ca\/fr\/wp-json\/wp\/v2\/product\/927\/revisions"}],"predecessor-version":[{"id":2962,"href":"https:\/\/twobite.ca\/fr\/wp-json\/wp\/v2\/product\/927\/revisions\/2962"}],"wp:attachment":[{"href":"https:\/\/twobite.ca\/fr\/wp-json\/wp\/v2\/media?parent=927"}],"wp:term":[{"taxonomy":"product-category","embeddable":true,"href":"https:\/\/twobite.ca\/fr\/wp-json\/wp\/v2\/product-category?post=927"}],"curies":[{"name":"wp","href":"https:\/\/api.w.org\/{rel}","templated":true}]}}