{"id":928,"date":"2023-06-29T18:08:08","date_gmt":"2023-06-29T18:08:08","guid":{"rendered":"http:\/\/twobite.ca\/?post_type=product&#038;p=928"},"modified":"2023-10-24T18:11:53","modified_gmt":"2023-10-24T18:11:53","slug":"two-bite-brownies-plateau-festif-de-licornes","status":"publish","type":"product","link":"https:\/\/twobite.ca\/fr\/product\/two-bite-brownies-plateau-festif-de-licornes\/","title":{"rendered":"plateau festif de licornes"},"content":{"rendered":"<p>Un two-bite brownie\u00ae avec un tourbillon de gla\u00e7age rose et bleu, garni d&rsquo;un m\u00e9lange fantaisiste de paillettes sur le th\u00e8me de la licorne !<\/p>","protected":false},"author":1,"menu_order":7,"template":"","product-category":[51],"class_list":["post-928","product","type-product","status-publish","hentry","product-category-plateaux-festifs"],"acf":[],"_links":{"self":[{"href":"https:\/\/twobite.ca\/fr\/wp-json\/wp\/v2\/product\/928","targetHints":{"allow":["GET"]}}],"collection":[{"href":"https:\/\/twobite.ca\/fr\/wp-json\/wp\/v2\/product"}],"about":[{"href":"https:\/\/twobite.ca\/fr\/wp-json\/wp\/v2\/types\/product"}],"author":[{"embeddable":true,"href":"https:\/\/twobite.ca\/fr\/wp-json\/wp\/v2\/users\/1"}],"version-history":[{"count":5,"href":"https:\/\/twobite.ca\/fr\/wp-json\/wp\/v2\/product\/928\/revisions"}],"predecessor-version":[{"id":2961,"href":"https:\/\/twobite.ca\/fr\/wp-json\/wp\/v2\/product\/928\/revisions\/2961"}],"wp:attachment":[{"href":"https:\/\/twobite.ca\/fr\/wp-json\/wp\/v2\/media?parent=928"}],"wp:term":[{"taxonomy":"product-category","embeddable":true,"href":"https:\/\/twobite.ca\/fr\/wp-json\/wp\/v2\/product-category?post=928"}],"curies":[{"name":"wp","href":"https:\/\/api.w.org\/{rel}","templated":true}]}}