{"id":929,"date":"2023-06-29T18:08:57","date_gmt":"2023-06-29T18:08:57","guid":{"rendered":"http:\/\/twobite.ca\/?post_type=product&#038;p=929"},"modified":"2023-10-24T18:06:37","modified_gmt":"2023-10-24T18:06:37","slug":"two-bite-brownies-plateau-festif-de-coeurs-chocolates","status":"publish","type":"product","link":"https:\/\/twobite.ca\/fr\/product\/two-bite-brownies-plateau-festif-de-coeurs-chocolates\/","title":{"rendered":"plateau festif de c\u0153urs chocolat\u00e9s"},"content":{"rendered":"<p>Un two-bite brownie\u00ae avec un gla\u00e7age rose tendre et d\u00e9cor\u00e9 d&rsquo;un c\u0153ur chocolat\u00e9.<\/p>","protected":false},"author":1,"menu_order":8,"template":"","product-category":[51],"class_list":["post-929","product","type-product","status-publish","hentry","product-category-plateaux-festifs"],"acf":[],"_links":{"self":[{"href":"https:\/\/twobite.ca\/fr\/wp-json\/wp\/v2\/product\/929","targetHints":{"allow":["GET"]}}],"collection":[{"href":"https:\/\/twobite.ca\/fr\/wp-json\/wp\/v2\/product"}],"about":[{"href":"https:\/\/twobite.ca\/fr\/wp-json\/wp\/v2\/types\/product"}],"author":[{"embeddable":true,"href":"https:\/\/twobite.ca\/fr\/wp-json\/wp\/v2\/users\/1"}],"version-history":[{"count":5,"href":"https:\/\/twobite.ca\/fr\/wp-json\/wp\/v2\/product\/929\/revisions"}],"predecessor-version":[{"id":2960,"href":"https:\/\/twobite.ca\/fr\/wp-json\/wp\/v2\/product\/929\/revisions\/2960"}],"wp:attachment":[{"href":"https:\/\/twobite.ca\/fr\/wp-json\/wp\/v2\/media?parent=929"}],"wp:term":[{"taxonomy":"product-category","embeddable":true,"href":"https:\/\/twobite.ca\/fr\/wp-json\/wp\/v2\/product-category?post=929"}],"curies":[{"name":"wp","href":"https:\/\/api.w.org\/{rel}","templated":true}]}}