{"id":931,"date":"2023-06-29T18:11:54","date_gmt":"2023-06-29T18:11:54","guid":{"rendered":"http:\/\/twobite.ca\/?post_type=product&#038;p=931"},"modified":"2023-10-04T16:39:45","modified_gmt":"2023-10-04T16:39:45","slug":"two-bite-brownies-plateau-festif-avec-paillettes-dhalloween","status":"publish","type":"product","link":"https:\/\/twobite.ca\/fr\/product\/two-bite-brownies-plateau-festif-avec-paillettes-dhalloween\/","title":{"rendered":"plateau festif  avec paillettes d&rsquo;Halloween"},"content":{"rendered":"<p>Un plateau festif de two-bite brownies\u00ae pour l&rsquo;Halloween avec un gla\u00e7age bicolore mauve et orange et d\u00e9cor\u00e9s de paillettes sur le th\u00e8me d&rsquo;Halloween !<\/p>","protected":false},"author":1,"menu_order":10,"template":"","product-category":[],"class_list":["post-931","product","type-product","status-publish","hentry"],"acf":[],"_links":{"self":[{"href":"https:\/\/twobite.ca\/fr\/wp-json\/wp\/v2\/product\/931","targetHints":{"allow":["GET"]}}],"collection":[{"href":"https:\/\/twobite.ca\/fr\/wp-json\/wp\/v2\/product"}],"about":[{"href":"https:\/\/twobite.ca\/fr\/wp-json\/wp\/v2\/types\/product"}],"author":[{"embeddable":true,"href":"https:\/\/twobite.ca\/fr\/wp-json\/wp\/v2\/users\/1"}],"version-history":[{"count":3,"href":"https:\/\/twobite.ca\/fr\/wp-json\/wp\/v2\/product\/931\/revisions"}],"predecessor-version":[{"id":2958,"href":"https:\/\/twobite.ca\/fr\/wp-json\/wp\/v2\/product\/931\/revisions\/2958"}],"wp:attachment":[{"href":"https:\/\/twobite.ca\/fr\/wp-json\/wp\/v2\/media?parent=931"}],"wp:term":[{"taxonomy":"product-category","embeddable":true,"href":"https:\/\/twobite.ca\/fr\/wp-json\/wp\/v2\/product-category?post=931"}],"curies":[{"name":"wp","href":"https:\/\/api.w.org\/{rel}","templated":true}]}}