{"id":953,"date":"2023-06-29T15:24:56","date_gmt":"2023-06-29T15:24:56","guid":{"rendered":"http:\/\/twobite.ca\/?post_type=product&#038;p=953"},"modified":"2023-11-10T18:42:38","modified_gmt":"2023-11-10T18:42:38","slug":"two-bite-bouchees-duo-de-brownie-et-gateau","status":"publish","type":"product","link":"https:\/\/twobite.ca\/fr\/product\/two-bite-bouchees-duo-de-brownie-et-gateau\/","title":{"rendered":"bouch\u00e9es duo de brownie et g\u00e2teau"},"content":{"rendered":"<p>Un duo compos\u00e9 de brownie classique, moelleux et fondant et un tendre g\u00e2teau \u00e9ponge au go\u00fbt de beurre.<\/p>","protected":false},"author":1,"menu_order":6,"template":"","product-category":[28],"class_list":["post-953","product","type-product","status-publish","hentry","product-category-brownies"],"acf":[],"_links":{"self":[{"href":"https:\/\/twobite.ca\/fr\/wp-json\/wp\/v2\/product\/953","targetHints":{"allow":["GET"]}}],"collection":[{"href":"https:\/\/twobite.ca\/fr\/wp-json\/wp\/v2\/product"}],"about":[{"href":"https:\/\/twobite.ca\/fr\/wp-json\/wp\/v2\/types\/product"}],"author":[{"embeddable":true,"href":"https:\/\/twobite.ca\/fr\/wp-json\/wp\/v2\/users\/1"}],"version-history":[{"count":5,"href":"https:\/\/twobite.ca\/fr\/wp-json\/wp\/v2\/product\/953\/revisions"}],"predecessor-version":[{"id":2994,"href":"https:\/\/twobite.ca\/fr\/wp-json\/wp\/v2\/product\/953\/revisions\/2994"}],"wp:attachment":[{"href":"https:\/\/twobite.ca\/fr\/wp-json\/wp\/v2\/media?parent=953"}],"wp:term":[{"taxonomy":"product-category","embeddable":true,"href":"https:\/\/twobite.ca\/fr\/wp-json\/wp\/v2\/product-category?post=953"}],"curies":[{"name":"wp","href":"https:\/\/api.w.org\/{rel}","templated":true}]}}