{"id":954,"date":"2023-06-29T15:25:28","date_gmt":"2023-06-29T15:25:28","guid":{"rendered":"http:\/\/twobite.ca\/?post_type=product&#038;p=954"},"modified":"2023-11-10T18:37:55","modified_gmt":"2023-11-10T18:37:55","slug":"two-bite-barre-de-brownies-au-caramel-sale","status":"publish","type":"product","link":"https:\/\/twobite.ca\/fr\/product\/two-bite-barre-de-brownies-au-caramel-sale\/","title":{"rendered":"barre de brownies au caramel sal\u00e9"},"content":{"rendered":"<p>Un duo classique de brownie moelleux et fondant et de blondie au caramel, avec une garniture croquante au caramel sal\u00e9 et des filets de caramel pour un croquant sucr\u00e9 sal\u00e9 parfait !<\/p>","protected":false},"author":1,"menu_order":7,"template":"","product-category":[28],"class_list":["post-954","product","type-product","status-publish","hentry","product-category-brownies"],"acf":[],"_links":{"self":[{"href":"https:\/\/twobite.ca\/fr\/wp-json\/wp\/v2\/product\/954","targetHints":{"allow":["GET"]}}],"collection":[{"href":"https:\/\/twobite.ca\/fr\/wp-json\/wp\/v2\/product"}],"about":[{"href":"https:\/\/twobite.ca\/fr\/wp-json\/wp\/v2\/types\/product"}],"author":[{"embeddable":true,"href":"https:\/\/twobite.ca\/fr\/wp-json\/wp\/v2\/users\/1"}],"version-history":[{"count":5,"href":"https:\/\/twobite.ca\/fr\/wp-json\/wp\/v2\/product\/954\/revisions"}],"predecessor-version":[{"id":2993,"href":"https:\/\/twobite.ca\/fr\/wp-json\/wp\/v2\/product\/954\/revisions\/2993"}],"wp:attachment":[{"href":"https:\/\/twobite.ca\/fr\/wp-json\/wp\/v2\/media?parent=954"}],"wp:term":[{"taxonomy":"product-category","embeddable":true,"href":"https:\/\/twobite.ca\/fr\/wp-json\/wp\/v2\/product-category?post=954"}],"curies":[{"name":"wp","href":"https:\/\/api.w.org\/{rel}","templated":true}]}}