{"id":981,"date":"2023-06-27T17:06:52","date_gmt":"2023-06-27T17:06:52","guid":{"rendered":"http:\/\/twobite.ca\/?post_type=product&#038;p=981"},"modified":"2023-11-28T15:00:47","modified_gmt":"2023-11-28T15:00:47","slug":"two-bite-petits-gateaux-licornes","status":"publish","type":"product","link":"https:\/\/twobite.ca\/fr\/product\/two-bite-petits-gateaux-licornes\/","title":{"rendered":"petits g\u00e2teaux licornes de tous les jours"},"content":{"rendered":"<p>Des g\u00e2teaux \u00e0 la vanille altern\u00e9s blanc et rose, garnis d&rsquo;un tourbillon de gla\u00e7age \u00e0 la vanille bleu et rose puis d\u00e9cor\u00e9s de paillettes de licornes color\u00e9es!<\/p>\r\n<p><span style=\"font-size: 18pt;\"><strong><span style=\"color: #99323d;\">Sans sirop de glucose \u00e0 haute teneur en fructose<\/span><\/strong><\/span><\/p>","protected":false},"author":1,"menu_order":4,"template":"","product-category":[46],"class_list":["post-981","product","type-product","status-publish","hentry","product-category-petits-gateaux"],"acf":[],"_links":{"self":[{"href":"https:\/\/twobite.ca\/fr\/wp-json\/wp\/v2\/product\/981","targetHints":{"allow":["GET"]}}],"collection":[{"href":"https:\/\/twobite.ca\/fr\/wp-json\/wp\/v2\/product"}],"about":[{"href":"https:\/\/twobite.ca\/fr\/wp-json\/wp\/v2\/types\/product"}],"author":[{"embeddable":true,"href":"https:\/\/twobite.ca\/fr\/wp-json\/wp\/v2\/users\/1"}],"version-history":[{"count":3,"href":"https:\/\/twobite.ca\/fr\/wp-json\/wp\/v2\/product\/981\/revisions"}],"predecessor-version":[{"id":3049,"href":"https:\/\/twobite.ca\/fr\/wp-json\/wp\/v2\/product\/981\/revisions\/3049"}],"wp:attachment":[{"href":"https:\/\/twobite.ca\/fr\/wp-json\/wp\/v2\/media?parent=981"}],"wp:term":[{"taxonomy":"product-category","embeddable":true,"href":"https:\/\/twobite.ca\/fr\/wp-json\/wp\/v2\/product-category?post=981"}],"curies":[{"name":"wp","href":"https:\/\/api.w.org\/{rel}","templated":true}]}}