{"id":987,"date":"2023-06-27T17:39:42","date_gmt":"2023-06-27T17:39:42","guid":{"rendered":"http:\/\/twobite.ca\/?post_type=product&#038;p=987"},"modified":"2023-11-28T14:48:12","modified_gmt":"2023-11-28T14:48:12","slug":"two-bite-petits-gateaux-a-la-vanille-st-valentin","status":"publish","type":"product","link":"https:\/\/twobite.ca\/fr\/product\/two-bite-petits-gateaux-a-la-vanille-st-valentin\/","title":{"rendered":"petits g\u00e2teaux \u00e0 la vanille St-Valentin"},"content":{"rendered":"<p>Un petit g\u00e2teau \u00e0 la vanille recouvert d&rsquo;un gla\u00e7age rose et de paillettes en forme de c\u0153ur.<\/p>\r\n<p><span style=\"font-size: 18pt;\"><strong><span style=\"color: #99323d;\">Sans sirop de glucose \u00e0 haute teneur en fructose<\/span><\/strong><\/span><\/p>","protected":false},"author":1,"menu_order":6,"template":"","product-category":[46],"class_list":["post-987","product","type-product","status-publish","hentry","product-category-petits-gateaux"],"acf":[],"_links":{"self":[{"href":"https:\/\/twobite.ca\/fr\/wp-json\/wp\/v2\/product\/987","targetHints":{"allow":["GET"]}}],"collection":[{"href":"https:\/\/twobite.ca\/fr\/wp-json\/wp\/v2\/product"}],"about":[{"href":"https:\/\/twobite.ca\/fr\/wp-json\/wp\/v2\/types\/product"}],"author":[{"embeddable":true,"href":"https:\/\/twobite.ca\/fr\/wp-json\/wp\/v2\/users\/1"}],"version-history":[{"count":3,"href":"https:\/\/twobite.ca\/fr\/wp-json\/wp\/v2\/product\/987\/revisions"}],"predecessor-version":[{"id":3047,"href":"https:\/\/twobite.ca\/fr\/wp-json\/wp\/v2\/product\/987\/revisions\/3047"}],"wp:attachment":[{"href":"https:\/\/twobite.ca\/fr\/wp-json\/wp\/v2\/media?parent=987"}],"wp:term":[{"taxonomy":"product-category","embeddable":true,"href":"https:\/\/twobite.ca\/fr\/wp-json\/wp\/v2\/product-category?post=987"}],"curies":[{"name":"wp","href":"https:\/\/api.w.org\/{rel}","templated":true}]}}