{"id":988,"date":"2023-06-27T17:41:13","date_gmt":"2023-06-27T17:41:13","guid":{"rendered":"http:\/\/twobite.ca\/?post_type=product&#038;p=988"},"modified":"2023-11-28T14:47:44","modified_gmt":"2023-11-28T14:47:44","slug":"two-bite-petits-gateaux-au-chocolat-st-valentin","status":"publish","type":"product","link":"https:\/\/twobite.ca\/fr\/product\/two-bite-petits-gateaux-au-chocolat-st-valentin\/","title":{"rendered":"petits g\u00e2teaux au chocolat St-Valentin"},"content":{"rendered":"<p>Un petit g\u00e2teau au chocolat recouvert d&rsquo;un gla\u00e7age bicolore rose et brun puis d\u00e9cor\u00e9 pour votre amour de la St-Valentin!<\/p>\r\n<p><span style=\"font-size: 18pt;\"><strong><span style=\"color: #99323d;\">Sans sirop de glucose \u00e0 haute teneur en fructose<\/span><\/strong><\/span><\/p>","protected":false},"author":1,"menu_order":7,"template":"","product-category":[46],"class_list":["post-988","product","type-product","status-publish","hentry","product-category-petits-gateaux"],"acf":[],"_links":{"self":[{"href":"https:\/\/twobite.ca\/fr\/wp-json\/wp\/v2\/product\/988","targetHints":{"allow":["GET"]}}],"collection":[{"href":"https:\/\/twobite.ca\/fr\/wp-json\/wp\/v2\/product"}],"about":[{"href":"https:\/\/twobite.ca\/fr\/wp-json\/wp\/v2\/types\/product"}],"author":[{"embeddable":true,"href":"https:\/\/twobite.ca\/fr\/wp-json\/wp\/v2\/users\/1"}],"version-history":[{"count":3,"href":"https:\/\/twobite.ca\/fr\/wp-json\/wp\/v2\/product\/988\/revisions"}],"predecessor-version":[{"id":3046,"href":"https:\/\/twobite.ca\/fr\/wp-json\/wp\/v2\/product\/988\/revisions\/3046"}],"wp:attachment":[{"href":"https:\/\/twobite.ca\/fr\/wp-json\/wp\/v2\/media?parent=988"}],"wp:term":[{"taxonomy":"product-category","embeddable":true,"href":"https:\/\/twobite.ca\/fr\/wp-json\/wp\/v2\/product-category?post=988"}],"curies":[{"name":"wp","href":"https:\/\/api.w.org\/{rel}","templated":true}]}}