{"id":989,"date":"2023-06-27T17:42:40","date_gmt":"2023-06-27T17:42:40","guid":{"rendered":"http:\/\/twobite.ca\/?post_type=product&#038;p=989"},"modified":"2023-11-28T14:46:56","modified_gmt":"2023-11-28T14:46:56","slug":"two-bite-petits-gateaux-a-la-vanille-du-printemps","status":"publish","type":"product","link":"https:\/\/twobite.ca\/fr\/product\/two-bite-petits-gateaux-a-la-vanille-du-printemps\/","title":{"rendered":"petits g\u00e2teaux \u00e0 la vanille du printemps"},"content":{"rendered":"<p>C\u00e9l\u00e9brez le printemps avec notre g\u00e2teau moelleux \u00e0 la vanille, recouvert d&rsquo;un gla\u00e7age jaune et de paillettes en forme de fleurs.<\/p>\r\n<p><span style=\"font-size: 18pt;\"><strong><span style=\"color: #99323d;\">Sans sirop de glucose \u00e0 haute teneur en fructose<\/span><\/strong><\/span><\/p>","protected":false},"author":1,"menu_order":8,"template":"","product-category":[46],"class_list":["post-989","product","type-product","status-publish","hentry","product-category-petits-gateaux"],"acf":[],"_links":{"self":[{"href":"https:\/\/twobite.ca\/fr\/wp-json\/wp\/v2\/product\/989","targetHints":{"allow":["GET"]}}],"collection":[{"href":"https:\/\/twobite.ca\/fr\/wp-json\/wp\/v2\/product"}],"about":[{"href":"https:\/\/twobite.ca\/fr\/wp-json\/wp\/v2\/types\/product"}],"author":[{"embeddable":true,"href":"https:\/\/twobite.ca\/fr\/wp-json\/wp\/v2\/users\/1"}],"version-history":[{"count":3,"href":"https:\/\/twobite.ca\/fr\/wp-json\/wp\/v2\/product\/989\/revisions"}],"predecessor-version":[{"id":3045,"href":"https:\/\/twobite.ca\/fr\/wp-json\/wp\/v2\/product\/989\/revisions\/3045"}],"wp:attachment":[{"href":"https:\/\/twobite.ca\/fr\/wp-json\/wp\/v2\/media?parent=989"}],"wp:term":[{"taxonomy":"product-category","embeddable":true,"href":"https:\/\/twobite.ca\/fr\/wp-json\/wp\/v2\/product-category?post=989"}],"curies":[{"name":"wp","href":"https:\/\/api.w.org\/{rel}","templated":true}]}}